{"id":15198,"date":"2024-05-17T09:57:31","date_gmt":"2024-05-17T09:57:31","guid":{"rendered":"https:\/\/litoralregas.com\/site\/company\/"},"modified":"2026-01-14T10:39:46","modified_gmt":"2026-01-14T10:39:46","slug":"sobre-nos","status":"publish","type":"page","link":"https:\/\/litoralregas.com\/site\/sobre-nos\/","title":{"rendered":"Sobre N\u00f3s"},"content":{"rendered":"\t\t<div data-elementor-type=\"wp-page\" data-elementor-id=\"15198\" class=\"elementor elementor-15198\" data-elementor-post-type=\"page\">\n\t\t\t\t<div class=\"elementor-element elementor-element-2ec08f7 e-con-full e-flex e-con e-parent\" data-id=\"2ec08f7\" data-element_type=\"container\" id=\"about-us\" data-settings=\"{&quot;background_background&quot;:&quot;gradient&quot;}\">\n\t\t\t\t<\/div>\n\t\t<div class=\"elementor-element elementor-element-d549469 e-flex e-con-boxed e-con e-parent\" data-id=\"d549469\" data-element_type=\"container\">\n\t\t\t\t\t<div class=\"e-con-inner\">\n\t\t\t\t<div class=\"elementor-element elementor-element-4f6f3b3 elementor-widget elementor-widget-heading\" data-id=\"4f6f3b3\" data-element_type=\"widget\" data-widget_type=\"heading.default\">\n\t\t\t\t\t<h2 class=\"elementor-heading-title elementor-size-default\">A nossa Hist\u00f3ria<\/h2>\t\t\t\t<\/div>\n\t\t\t\t<div class=\"elementor-element elementor-element-a782046 elementor-widget elementor-widget-text-editor\" data-id=\"a782046\" data-element_type=\"widget\" data-widget_type=\"text-editor.default\">\n\t\t\t\t\t\t\t\t\t<p>A Litoral Regas foi fundada em 2007 e resultou do profundo conhecimento da \u00e1rea da rega e da automa\u00e7\u00e3o dos seus 2 principais fundadores (Joaquim Cantadeiro e Afonso Costa) que detinham uma experi\u00eancia de cerca de 20 anos nestas \u00e1reas.<\/p><p>Desde o inicio que a Litoral Regas se vocacionou e centrou na pesquisa e inova\u00e7\u00e3o ao servi\u00e7o e no apoio \u00e0 agricultura.<\/p><p>A Litoral Regas cria e desenvolve integralmente o software e o hardware das suas m\u00e1quinas e dos seus equipamentos.<\/p><p>Os equipamentos de controlo de rega, de aduba\u00e7\u00e3o (maquinas de fertirega), de controlo de pH e Ce, de controlo clim\u00e1tico e de fitossanit\u00e1rios s\u00e3o desenhados, desenvolvidos, equipados e produzidos integralmente pela Litoral Regas.<\/p><p>A empresa procurou criar uma equipa dedicada \u00e0 inova\u00e7\u00e3o e investiga\u00e7\u00e3o em automatismos que permitam facilitar e responder \u00e0s exig\u00eancias dos agricultores quer seja em termos de poupan\u00e7a de tempo quer seja mesmo em termos de criar ferramentas mais intuitivas e que respondam eficazmente aos anseios dos agricultores e das novas t\u00e9cnicas de produ\u00e7\u00e3o.<\/p><p>Actualmente a Litoral Regas possui um vasto e muito diversificado leque de servi\u00e7os, ajustados a cada sector de actividade a que procura dar resposta bem como \u00e0s exig\u00eancias, cada vez maiores e diferentes, dos seus clientes.<\/p><p>Desde a sua funda\u00e7\u00e3o que a Litoral Regas abrange, ou procura abranger e dar resposta, a todo o tipo de sistemas de rega, seja no sector agr\u00edcola ou seja no paisag\u00edstico, tendo para tal uma vasta gama de produtos de ineg\u00e1vel qualidade, e representa diversas marcas conceituadas a n\u00edvel mundial.<\/p><p>Contudo, tem sido ponto de honra, desde o inicio da Litoral Regas, que para al\u00e9m de uma procura constante da melhoria dos seus equipamentos (investindo em inova\u00e7\u00e3o e na qualifica\u00e7\u00e3o dos seus quadros t\u00e9cnicos) tem de haver uma grande proximidade com todos os clientes procurando marcar a diferen\u00e7a pela presta\u00e7\u00e3o de um servi\u00e7o de p\u00f3s-venda impar, com qualidade, prontid\u00e3o e profissionalismo.<\/p><p>Em suma a Litoral Regas nasceu para marcar a diferen\u00e7a, para estar constantemente na vanguarda do desenvolvimento tecnol\u00f3gico, para procurar oferecer um produto com qualidade, inovador mas respeitando sempre o compromisso ambiental que faz parte da sua matriz e tendo em vista a cria\u00e7\u00e3o de solu\u00e7\u00f5es que visem a sustentabilidade ambiental mas tamb\u00e9m econ\u00f3mica de cada projecto em que somos parceiros.<\/p><p>Desde o inicio que a Litoral Regas tem sido sinonimo de rigor e profissionalismo, desenvolvimento e inova\u00e7\u00e3o procurando oferecer qualidade e prontid\u00e3o na assist\u00eancia p\u00f3s-venda e contribuindo para a preserva\u00e7\u00e3o ambiental.<\/p>\t\t\t\t\t\t\t\t<\/div>\n\t\t\t\t\t<\/div>\n\t\t\t\t<\/div>\n\t\t<div class=\"elementor-element elementor-element-d338f2a e-flex e-con-boxed e-con e-parent\" data-id=\"d338f2a\" data-element_type=\"container\">\n\t\t\t\t\t<div class=\"e-con-inner\">\n\t\t\t\t<div class=\"elementor-element elementor-element-a7b8d5b elementor-widget elementor-widget-spacer\" data-id=\"a7b8d5b\" data-element_type=\"widget\" data-widget_type=\"spacer.default\">\n\t\t\t\t\t\t\t<div class=\"elementor-spacer\">\n\t\t\t<div class=\"elementor-spacer-inner\"><\/div>\n\t\t<\/div>\n\t\t\t\t\t\t<\/div>\n\t\t\t\t\t<\/div>\n\t\t\t\t<\/div>\n\t\t\t\t<\/div>\n\t\t","protected":false},"excerpt":{"rendered":"<p>A nossa Hist\u00f3ria A Litoral Regas foi fundada em 2007 e resultou do profundo conhecimento da \u00e1rea da rega e da automa\u00e7\u00e3o dos seus 2 principais fundadores (Joaquim Cantadeiro e Afonso Costa) que detinham uma experi\u00eancia de cerca de 20 anos nestas \u00e1reas. Desde o inicio que a Litoral Regas se vocacionou e centrou na&hellip;<\/p>\n","protected":false},"author":1,"featured_media":0,"parent":0,"menu_order":10,"comment_status":"closed","ping_status":"closed","template":"","meta":{"inline_featured_image":false,"footnotes":""},"class_list":["post-15198","page","type-page","status-publish","hentry"],"_links":{"self":[{"href":"https:\/\/litoralregas.com\/site\/wp-json\/wp\/v2\/pages\/15198","targetHints":{"allow":["GET"]}}],"collection":[{"href":"https:\/\/litoralregas.com\/site\/wp-json\/wp\/v2\/pages"}],"about":[{"href":"https:\/\/litoralregas.com\/site\/wp-json\/wp\/v2\/types\/page"}],"author":[{"embeddable":true,"href":"https:\/\/litoralregas.com\/site\/wp-json\/wp\/v2\/users\/1"}],"replies":[{"embeddable":true,"href":"https:\/\/litoralregas.com\/site\/wp-json\/wp\/v2\/comments?post=15198"}],"version-history":[{"count":17,"href":"https:\/\/litoralregas.com\/site\/wp-json\/wp\/v2\/pages\/15198\/revisions"}],"predecessor-version":[{"id":27091,"href":"https:\/\/litoralregas.com\/site\/wp-json\/wp\/v2\/pages\/15198\/revisions\/27091"}],"wp:attachment":[{"href":"https:\/\/litoralregas.com\/site\/wp-json\/wp\/v2\/media?parent=15198"}],"curies":[{"name":"wp","href":"https:\/\/api.w.org\/{rel}","templated":true}]}}