{"id":22534,"date":"2025-10-22T12:59:22","date_gmt":"2025-10-22T12:59:22","guid":{"rendered":"https:\/\/litoralregas.com\/site\/?page_id=22534"},"modified":"2026-03-04T09:03:07","modified_gmt":"2026-03-04T09:03:07","slug":"fertirrigacao","status":"publish","type":"page","link":"https:\/\/litoralregas.com\/site\/fertirrigacao\/","title":{"rendered":"Fertirriga\u00e7\u00e3o"},"content":{"rendered":"\t\t<div data-elementor-type=\"wp-page\" data-elementor-id=\"22534\" class=\"elementor elementor-22534\" data-elementor-post-type=\"page\">\n\t\t\t\t<div class=\"elementor-element elementor-element-1cd2cbd e-con-full e-flex e-con e-parent\" data-id=\"1cd2cbd\" data-element_type=\"container\" data-settings=\"{&quot;background_background&quot;:&quot;gradient&quot;}\">\n\t\t\t\t<div class=\"elementor-element elementor-element-decd8e3 elementor-widget__width-initial elementor-widget elementor-widget-heading\" data-id=\"decd8e3\" data-element_type=\"widget\" data-widget_type=\"heading.default\">\n\t\t\t\t\t<h1 class=\"elementor-heading-title elementor-size-default\">Fertirriga\u00e7\u00e3o\u200b<\/h1>\t\t\t\t<\/div>\n\t\t<div class=\"elementor-element elementor-element-a9a3bb0 e-flex e-con-boxed e-con e-child\" data-id=\"a9a3bb0\" data-element_type=\"container\">\n\t\t\t\t\t<div class=\"e-con-inner\">\n\t\t\t\t<div class=\"elementor-element elementor-element-d0b2388 elementor-widget__width-initial elementor-widget elementor-widget-text-editor\" data-id=\"d0b2388\" data-element_type=\"widget\" data-widget_type=\"text-editor.default\">\n\t\t\t\t\t\t\t\t\t<p>Trata-se de uma gama de equipamentos evolutiva e configur\u00e1vel desenvolvida para atender as necessidades tanto de aplica\u00e7\u00e3o de fatores de produ\u00e7\u00e3o quanto de aplica\u00e7\u00e3o de \u00e1gua com VRT &#8211; Variable Rate Technology.<\/p>\t\t\t\t\t\t\t\t<\/div>\n\t\t\t\t\t<\/div>\n\t\t\t\t<\/div>\n\t\t<div class=\"elementor-element elementor-element-de50b3c e-flex e-con-boxed e-con e-child\" data-id=\"de50b3c\" data-element_type=\"container\">\n\t\t\t\t\t<div class=\"e-con-inner\">\n\t\t<div class=\"elementor-element elementor-element-198c0ea e-con-full e-flex e-con e-child\" data-id=\"198c0ea\" data-element_type=\"container\">\n\t\t\t\t<div class=\"elementor-element elementor-element-6c7b93b elementor-align-justify elementor-widget__width-initial elementor-widget elementor-widget-button\" data-id=\"6c7b93b\" data-element_type=\"widget\" data-widget_type=\"button.default\">\n\t\t\t\t\t\t\t\t\t\t<a class=\"elementor-button elementor-button-link elementor-size-sm\" href=\"https:\/\/litoralregas.com\/site\/controladores-de-rega\/\">\n\t\t\t\t\t\t<span class=\"elementor-button-content-wrapper\">\n\t\t\t\t\t\t<span class=\"elementor-button-icon\">\n\t\t\t\t<svg xmlns=\"http:\/\/www.w3.org\/2000\/svg\" viewBox=\"0 0 24 24\" width=\"24\" height=\"24\"><path fill=\"none\" d=\"M0 0h24v24H0z\"><\/path><path d=\"M13.172 12l-4.95-4.95 1.414-1.414L16 12l-6.364 6.364-1.414-1.414z\"><\/path><\/svg>\t\t\t<\/span>\n\t\t\t\t\t\t\t\t\t<span class=\"elementor-button-text\">Controladores de Rega<\/span>\n\t\t\t\t\t<\/span>\n\t\t\t\t\t<\/a>\n\t\t\t\t\t\t\t\t<\/div>\n\t\t\t\t<div class=\"elementor-element elementor-element-4402456 elementor-align-justify elementor-widget__width-initial elementor-widget elementor-widget-button\" data-id=\"4402456\" data-element_type=\"widget\" data-widget_type=\"button.default\">\n\t\t\t\t\t\t\t\t\t\t<a class=\"elementor-button elementor-button-link elementor-size-sm\" href=\"https:\/\/litoralregas.com\/site\/equipamentos-fertirrega\/\">\n\t\t\t\t\t\t<span class=\"elementor-button-content-wrapper\">\n\t\t\t\t\t\t<span class=\"elementor-button-icon\">\n\t\t\t\t<svg xmlns=\"http:\/\/www.w3.org\/2000\/svg\" viewBox=\"0 0 24 24\" width=\"24\" height=\"24\"><path fill=\"none\" d=\"M0 0h24v24H0z\"><\/path><path d=\"M13.172 12l-4.95-4.95 1.414-1.414L16 12l-6.364 6.364-1.414-1.414z\"><\/path><\/svg>\t\t\t<\/span>\n\t\t\t\t\t\t\t\t\t<span class=\"elementor-button-text\">Equipamentos Fertirrega<\/span>\n\t\t\t\t\t<\/span>\n\t\t\t\t\t<\/a>\n\t\t\t\t\t\t\t\t<\/div>\n\t\t\t\t<div class=\"elementor-element elementor-element-d6bb600 elementor-align-justify elementor-widget__width-initial elementor-widget elementor-widget-button\" data-id=\"d6bb600\" data-element_type=\"widget\" data-widget_type=\"button.default\">\n\t\t\t\t\t\t\t\t\t\t<a class=\"elementor-button elementor-button-link elementor-size-sm\" href=\"https:\/\/litoralregas.com\/site\/controlo-drenagem\/\">\n\t\t\t\t\t\t<span class=\"elementor-button-content-wrapper\">\n\t\t\t\t\t\t<span class=\"elementor-button-icon\">\n\t\t\t\t<svg xmlns=\"http:\/\/www.w3.org\/2000\/svg\" viewBox=\"0 0 24 24\" width=\"24\" height=\"24\"><path fill=\"none\" d=\"M0 0h24v24H0z\"><\/path><path d=\"M13.172 12l-4.95-4.95 1.414-1.414L16 12l-6.364 6.364-1.414-1.414z\"><\/path><\/svg>\t\t\t<\/span>\n\t\t\t\t\t\t\t\t\t<span class=\"elementor-button-text\">Controlo Drenagem<\/span>\n\t\t\t\t\t<\/span>\n\t\t\t\t\t<\/a>\n\t\t\t\t\t\t\t\t<\/div>\n\t\t\t\t<div class=\"elementor-element elementor-element-0eb8938 elementor-align-justify elementor-widget__width-initial elementor-widget elementor-widget-button\" data-id=\"0eb8938\" data-element_type=\"widget\" data-widget_type=\"button.default\">\n\t\t\t\t\t\t\t\t\t\t<a class=\"elementor-button elementor-button-link elementor-size-sm\" href=\"https:\/\/litoralregas.com\/site\/sondas-fertirrega\/\">\n\t\t\t\t\t\t<span class=\"elementor-button-content-wrapper\">\n\t\t\t\t\t\t<span class=\"elementor-button-icon\">\n\t\t\t\t<svg xmlns=\"http:\/\/www.w3.org\/2000\/svg\" viewBox=\"0 0 24 24\" width=\"24\" height=\"24\"><path fill=\"none\" d=\"M0 0h24v24H0z\"><\/path><path d=\"M13.172 12l-4.95-4.95 1.414-1.414L16 12l-6.364 6.364-1.414-1.414z\"><\/path><\/svg>\t\t\t<\/span>\n\t\t\t\t\t\t\t\t\t<span class=\"elementor-button-text\">Sondas Fertirrega<\/span>\n\t\t\t\t\t<\/span>\n\t\t\t\t\t<\/a>\n\t\t\t\t\t\t\t\t<\/div>\n\t\t\t\t<div class=\"elementor-element elementor-element-0f1206c elementor-align-justify elementor-widget__width-initial elementor-widget elementor-widget-button\" data-id=\"0f1206c\" data-element_type=\"widget\" data-widget_type=\"button.default\">\n\t\t\t\t\t\t\t\t\t\t<a class=\"elementor-button elementor-button-link elementor-size-sm\" href=\"https:\/\/litoralregas.com\/site\/sensor-de-solo-substrato\/\">\n\t\t\t\t\t\t<span class=\"elementor-button-content-wrapper\">\n\t\t\t\t\t\t<span class=\"elementor-button-icon\">\n\t\t\t\t<svg xmlns=\"http:\/\/www.w3.org\/2000\/svg\" viewBox=\"0 0 24 24\" width=\"24\" height=\"24\"><path fill=\"none\" d=\"M0 0h24v24H0z\"><\/path><path d=\"M13.172 12l-4.95-4.95 1.414-1.414L16 12l-6.364 6.364-1.414-1.414z\"><\/path><\/svg>\t\t\t<\/span>\n\t\t\t\t\t\t\t\t\t<span class=\"elementor-button-text\">Sondas de Solo\/Substrato<\/span>\n\t\t\t\t\t<\/span>\n\t\t\t\t\t<\/a>\n\t\t\t\t\t\t\t\t<\/div>\n\t\t\t\t<div class=\"elementor-element elementor-element-befe902 elementor-align-justify elementor-widget__width-initial elementor-widget elementor-widget-button\" data-id=\"befe902\" data-element_type=\"widget\" data-widget_type=\"button.default\">\n\t\t\t\t\t\t\t\t\t\t<a class=\"elementor-button elementor-button-link elementor-size-sm\" href=\"https:\/\/litoralregas.com\/site\/comunicacao-de-irrigacao-local\/\">\n\t\t\t\t\t\t<span class=\"elementor-button-content-wrapper\">\n\t\t\t\t\t\t<span class=\"elementor-button-icon\">\n\t\t\t\t<svg xmlns=\"http:\/\/www.w3.org\/2000\/svg\" viewBox=\"0 0 24 24\" width=\"24\" height=\"24\"><path fill=\"none\" d=\"M0 0h24v24H0z\"><\/path><path d=\"M13.172 12l-4.95-4.95 1.414-1.414L16 12l-6.364 6.364-1.414-1.414z\"><\/path><\/svg>\t\t\t<\/span>\n\t\t\t\t\t\t\t\t\t<span class=\"elementor-button-text\">Comunica\u00e7\u00e3o de Irriga\u00e7\u00e3o Local<\/span>\n\t\t\t\t\t<\/span>\n\t\t\t\t\t<\/a>\n\t\t\t\t\t\t\t\t<\/div>\n\t\t\t\t<\/div>\n\t\t<div class=\"elementor-element elementor-element-b93260b e-con-full e-flex e-con e-child\" data-id=\"b93260b\" data-element_type=\"container\">\n\t\t\t\t<div class=\"elementor-element elementor-element-cec8c7a elementor-widget__width-initial elementor-widget elementor-widget-image\" data-id=\"cec8c7a\" data-element_type=\"widget\" data-widget_type=\"image.default\">\n\t\t\t\t\t\t\t\t\t\t\t\t\t\t\t<img fetchpriority=\"high\" decoding=\"async\" width=\"1024\" height=\"437\" src=\"https:\/\/litoralregas.com\/site\/wp-content\/uploads\/2026\/01\/cabecal-2-1024x437.png\" class=\"attachment-large size-large wp-image-25119\" alt=\"\" srcset=\"https:\/\/litoralregas.com\/site\/wp-content\/uploads\/2026\/01\/cabecal-2-1024x437.png 1024w, https:\/\/litoralregas.com\/site\/wp-content\/uploads\/2026\/01\/cabecal-2-300x128.png 300w, https:\/\/litoralregas.com\/site\/wp-content\/uploads\/2026\/01\/cabecal-2-768x328.png 768w, https:\/\/litoralregas.com\/site\/wp-content\/uploads\/2026\/01\/cabecal-2-1536x655.png 1536w, https:\/\/litoralregas.com\/site\/wp-content\/uploads\/2026\/01\/cabecal-2-1000x427.png 1000w, https:\/\/litoralregas.com\/site\/wp-content\/uploads\/2026\/01\/cabecal-2.png 1613w\" sizes=\"(max-width: 1024px) 100vw, 1024px\" \/>\t\t\t\t\t\t\t\t\t\t\t\t\t\t\t<\/div>\n\t\t\t\t<\/div>\n\t\t\t\t\t<\/div>\n\t\t\t\t<\/div>\n\t\t\t\t<div class=\"elementor-element elementor-element-1dd2628 elementor-widget__width-initial elementor-widget elementor-widget-spacer\" data-id=\"1dd2628\" data-element_type=\"widget\" data-widget_type=\"spacer.default\">\n\t\t\t\t\t\t\t<div class=\"elementor-spacer\">\n\t\t\t<div class=\"elementor-spacer-inner\"><\/div>\n\t\t<\/div>\n\t\t\t\t\t\t<\/div>\n\t\t\t\t<\/div>\n\t\t\t\t<\/div>\n\t\t","protected":false},"excerpt":{"rendered":"<p>Fertirriga\u00e7\u00e3o\u200b Trata-se de uma gama de equipamentos evolutiva e configur\u00e1vel desenvolvida para atender as necessidades tanto de aplica\u00e7\u00e3o de fatores de produ\u00e7\u00e3o quanto de aplica\u00e7\u00e3o de \u00e1gua com VRT &#8211; Variable Rate Technology. Controladores de Rega Equipamentos Fertirrega Controlo Drenagem Sondas Fertirrega Sondas de Solo\/Substrato Comunica\u00e7\u00e3o de Irriga\u00e7\u00e3o Local<\/p>\n","protected":false},"author":1,"featured_media":0,"parent":0,"menu_order":10,"comment_status":"closed","ping_status":"closed","template":"elementor_canvas","meta":{"inline_featured_image":false,"footnotes":""},"class_list":["post-22534","page","type-page","status-publish","hentry"],"_links":{"self":[{"href":"https:\/\/litoralregas.com\/site\/wp-json\/wp\/v2\/pages\/22534","targetHints":{"allow":["GET"]}}],"collection":[{"href":"https:\/\/litoralregas.com\/site\/wp-json\/wp\/v2\/pages"}],"about":[{"href":"https:\/\/litoralregas.com\/site\/wp-json\/wp\/v2\/types\/page"}],"author":[{"embeddable":true,"href":"https:\/\/litoralregas.com\/site\/wp-json\/wp\/v2\/users\/1"}],"replies":[{"embeddable":true,"href":"https:\/\/litoralregas.com\/site\/wp-json\/wp\/v2\/comments?post=22534"}],"version-history":[{"count":179,"href":"https:\/\/litoralregas.com\/site\/wp-json\/wp\/v2\/pages\/22534\/revisions"}],"predecessor-version":[{"id":27317,"href":"https:\/\/litoralregas.com\/site\/wp-json\/wp\/v2\/pages\/22534\/revisions\/27317"}],"wp:attachment":[{"href":"https:\/\/litoralregas.com\/site\/wp-json\/wp\/v2\/media?parent=22534"}],"curies":[{"name":"wp","href":"https:\/\/api.w.org\/{rel}","templated":true}]}}