{"id":22658,"date":"2025-11-04T11:17:29","date_gmt":"2025-11-04T11:17:29","guid":{"rendered":"https:\/\/litoralregas.com\/site\/?page_id=22658"},"modified":"2026-03-03T17:16:10","modified_gmt":"2026-03-03T17:16:10","slug":"descodificadores-monocabo","status":"publish","type":"page","link":"https:\/\/litoralregas.com\/site\/descodificadores-monocabo\/","title":{"rendered":"Descodificadores Monocabo"},"content":{"rendered":"\t\t<div data-elementor-type=\"wp-page\" data-elementor-id=\"22658\" class=\"elementor elementor-22658\" data-elementor-post-type=\"page\">\n\t\t\t\t<div class=\"elementor-element elementor-element-6a7cbc3 e-con-full e-flex e-con e-parent\" data-id=\"6a7cbc3\" data-element_type=\"container\" data-settings=\"{&quot;background_background&quot;:&quot;gradient&quot;}\">\n\t\t\t\t<div class=\"elementor-element elementor-element-22efd79 elementor-widget__width-initial e-transform elementor-widget elementor-widget-heading\" data-id=\"22efd79\" data-element_type=\"widget\" data-settings=\"{&quot;_transform_skewX_effect&quot;:{&quot;unit&quot;:&quot;px&quot;,&quot;size&quot;:0,&quot;sizes&quot;:[]},&quot;_transform_skewX_effect_tablet&quot;:{&quot;unit&quot;:&quot;deg&quot;,&quot;size&quot;:&quot;&quot;,&quot;sizes&quot;:[]},&quot;_transform_skewX_effect_mobile&quot;:{&quot;unit&quot;:&quot;deg&quot;,&quot;size&quot;:&quot;&quot;,&quot;sizes&quot;:[]},&quot;_transform_skewY_effect&quot;:{&quot;unit&quot;:&quot;px&quot;,&quot;size&quot;:&quot;&quot;,&quot;sizes&quot;:[]},&quot;_transform_skewY_effect_tablet&quot;:{&quot;unit&quot;:&quot;deg&quot;,&quot;size&quot;:&quot;&quot;,&quot;sizes&quot;:[]},&quot;_transform_skewY_effect_mobile&quot;:{&quot;unit&quot;:&quot;deg&quot;,&quot;size&quot;:&quot;&quot;,&quot;sizes&quot;:[]}}\" data-widget_type=\"heading.default\">\n\t\t\t\t\t<h1 class=\"elementor-heading-title elementor-size-default\">Decoder Monocabo<\/h1>\t\t\t\t<\/div>\n\t\t\t\t<div class=\"elementor-element elementor-element-bee2b0f elementor-widget__width-initial elementor-widget elementor-widget-text-editor\" data-id=\"bee2b0f\" data-element_type=\"widget\" data-widget_type=\"text-editor.default\">\n\t\t\t\t\t\t\t\t\t<p>O Decoder Monocabo Hidrotek \u00e9 a solu\u00e7\u00e3o de vanguarda para a simplifica\u00e7\u00e3o da cablagem em projetos de automa\u00e7\u00e3o agr\u00edcola de larga escala. Este dispositivo permite o controlo individualizado de v\u00e1lvulas, motores, solenoides e triprobes utilizando apenas um \u00fanico par de fios ao longo de toda a estufa. Ao eliminar a necessidade de feixes de cabos complexos e extensos, o sistema de decoders reduz drasticamente os custos de instala\u00e7\u00e3o e manuten\u00e7\u00e3o, minimizando os pontos de falha e facilitando expans\u00f5es futuras do sistema de climatiza\u00e7\u00e3o sem a necessidade de novas valas ou infraestruturas de cablagem.<\/p>\t\t\t\t\t\t\t\t<\/div>\n\t\t<div class=\"elementor-element elementor-element-d5eb9ad e-flex e-con-boxed e-con e-child\" data-id=\"d5eb9ad\" data-element_type=\"container\">\n\t\t\t\t\t<div class=\"e-con-inner\">\n\t\t<div class=\"elementor-element elementor-element-3b0414d e-con-full e-flex e-con e-child\" data-id=\"3b0414d\" data-element_type=\"container\">\n\t\t\t\t<div class=\"elementor-element elementor-element-94d4347 elementor-align-justify elementor-widget__width-initial elementor-widget elementor-widget-button\" data-id=\"94d4347\" data-element_type=\"widget\" data-widget_type=\"button.default\">\n\t\t\t\t\t\t\t\t\t\t<a class=\"elementor-button elementor-button-link elementor-size-sm\" href=\"https:\/\/litoralregas.com\/site\/modulo-hidrotek-protocolo-monocabo\/\">\n\t\t\t\t\t\t<span class=\"elementor-button-content-wrapper\">\n\t\t\t\t\t\t<span class=\"elementor-button-icon\">\n\t\t\t\t<svg xmlns=\"http:\/\/www.w3.org\/2000\/svg\" viewBox=\"0 0 24 24\" width=\"24\" height=\"24\"><path fill=\"none\" d=\"M0 0h24v24H0z\"><\/path><path d=\"M13.172 12l-4.95-4.95 1.414-1.414L16 12l-6.364 6.364-1.414-1.414z\"><\/path><\/svg>\t\t\t<\/span>\n\t\t\t\t\t\t\t\t\t<span class=\"elementor-button-text\">M\u00f3dulo Hidrotek Protocolo Monocabo<\/span>\n\t\t\t\t\t<\/span>\n\t\t\t\t\t<\/a>\n\t\t\t\t\t\t\t\t<\/div>\n\t\t\t\t<div class=\"elementor-element elementor-element-42c8ed3 elementor-align-justify elementor-widget__width-initial elementor-widget elementor-widget-button\" data-id=\"42c8ed3\" data-element_type=\"widget\" data-widget_type=\"button.default\">\n\t\t\t\t\t\t\t\t\t\t<a class=\"elementor-button elementor-button-link elementor-size-sm\" href=\"https:\/\/litoralregas.com\/site\/descodificador-de-saida\/\">\n\t\t\t\t\t\t<span class=\"elementor-button-content-wrapper\">\n\t\t\t\t\t\t<span class=\"elementor-button-icon\">\n\t\t\t\t<svg xmlns=\"http:\/\/www.w3.org\/2000\/svg\" viewBox=\"0 0 24 24\" width=\"24\" height=\"24\"><path fill=\"none\" d=\"M0 0h24v24H0z\"><\/path><path d=\"M13.172 12l-4.95-4.95 1.414-1.414L16 12l-6.364 6.364-1.414-1.414z\"><\/path><\/svg>\t\t\t<\/span>\n\t\t\t\t\t\t\t\t\t<span class=\"elementor-button-text\">Descodificador de Sa\u00edda<\/span>\n\t\t\t\t\t<\/span>\n\t\t\t\t\t<\/a>\n\t\t\t\t\t\t\t\t<\/div>\n\t\t\t\t<div class=\"elementor-element elementor-element-092c792 elementor-align-justify elementor-widget__width-initial elementor-widget elementor-widget-button\" data-id=\"092c792\" data-element_type=\"widget\" data-widget_type=\"button.default\">\n\t\t\t\t\t\t\t\t\t\t<a class=\"elementor-button elementor-button-link elementor-size-sm\" href=\"https:\/\/litoralregas.com\/site\/descodificador-de-entrada\/\">\n\t\t\t\t\t\t<span class=\"elementor-button-content-wrapper\">\n\t\t\t\t\t\t<span class=\"elementor-button-icon\">\n\t\t\t\t<svg xmlns=\"http:\/\/www.w3.org\/2000\/svg\" viewBox=\"0 0 24 24\" width=\"24\" height=\"24\"><path fill=\"none\" d=\"M0 0h24v24H0z\"><\/path><path d=\"M13.172 12l-4.95-4.95 1.414-1.414L16 12l-6.364 6.364-1.414-1.414z\"><\/path><\/svg>\t\t\t<\/span>\n\t\t\t\t\t\t\t\t\t<span class=\"elementor-button-text\">Descodificador de Entrada<\/span>\n\t\t\t\t\t<\/span>\n\t\t\t\t\t<\/a>\n\t\t\t\t\t\t\t\t<\/div>\n\t\t\t\t<div class=\"elementor-element elementor-element-d7ac240 elementor-align-justify elementor-widget__width-initial elementor-widget elementor-widget-button\" data-id=\"d7ac240\" data-element_type=\"widget\" data-widget_type=\"button.default\">\n\t\t\t\t\t\t\t\t\t\t<a class=\"elementor-button elementor-button-link elementor-size-sm\" href=\"https:\/\/litoralregas.com\/site\/protecao-dos-descodificadores-contra-sobretensoes\/\">\n\t\t\t\t\t\t<span class=\"elementor-button-content-wrapper\">\n\t\t\t\t\t\t<span class=\"elementor-button-icon\">\n\t\t\t\t<svg xmlns=\"http:\/\/www.w3.org\/2000\/svg\" viewBox=\"0 0 24 24\" width=\"24\" height=\"24\"><path fill=\"none\" d=\"M0 0h24v24H0z\"><\/path><path d=\"M13.172 12l-4.95-4.95 1.414-1.414L16 12l-6.364 6.364-1.414-1.414z\"><\/path><\/svg>\t\t\t<\/span>\n\t\t\t\t\t\t\t\t\t<span class=\"elementor-button-text\">Prote\u00e7\u00e3o dos Descodificadores Contra Sobretens\u00f5es<\/span>\n\t\t\t\t\t<\/span>\n\t\t\t\t\t<\/a>\n\t\t\t\t\t\t\t\t<\/div>\n\t\t\t\t<\/div>\n\t\t<div class=\"elementor-element elementor-element-9ca69ca e-con-full e-flex e-con e-child\" data-id=\"9ca69ca\" data-element_type=\"container\">\n\t\t\t\t<div class=\"elementor-element elementor-element-42aad74 elementor-widget__width-initial elementor-widget elementor-widget-image\" data-id=\"42aad74\" data-element_type=\"widget\" data-widget_type=\"image.default\">\n\t\t\t\t\t\t\t\t\t\t\t\t\t\t\t<img fetchpriority=\"high\" decoding=\"async\" width=\"1024\" height=\"724\" src=\"https:\/\/litoralregas.com\/site\/wp-content\/uploads\/2026\/01\/ESQUEMA-MONOCABO-1024x724.jpg\" class=\"attachment-large size-large wp-image-24751\" alt=\"\" srcset=\"https:\/\/litoralregas.com\/site\/wp-content\/uploads\/2026\/01\/ESQUEMA-MONOCABO-1024x724.jpg 1024w, https:\/\/litoralregas.com\/site\/wp-content\/uploads\/2026\/01\/ESQUEMA-MONOCABO-300x212.jpg 300w, https:\/\/litoralregas.com\/site\/wp-content\/uploads\/2026\/01\/ESQUEMA-MONOCABO-768x543.jpg 768w, https:\/\/litoralregas.com\/site\/wp-content\/uploads\/2026\/01\/ESQUEMA-MONOCABO-1536x1086.jpg 1536w, https:\/\/litoralregas.com\/site\/wp-content\/uploads\/2026\/01\/ESQUEMA-MONOCABO-2048x1448.jpg 2048w, https:\/\/litoralregas.com\/site\/wp-content\/uploads\/2026\/01\/ESQUEMA-MONOCABO-1000x707.jpg 1000w\" sizes=\"(max-width: 1024px) 100vw, 1024px\" \/>\t\t\t\t\t\t\t\t\t\t\t\t\t\t\t<\/div>\n\t\t\t\t<\/div>\n\t\t\t\t\t<\/div>\n\t\t\t\t<\/div>\n\t\t\t\t<div class=\"elementor-element elementor-element-b90d031 elementor-widget__width-initial elementor-widget elementor-widget-spacer\" data-id=\"b90d031\" data-element_type=\"widget\" data-widget_type=\"spacer.default\">\n\t\t\t\t\t\t\t<div class=\"elementor-spacer\">\n\t\t\t<div class=\"elementor-spacer-inner\"><\/div>\n\t\t<\/div>\n\t\t\t\t\t\t<\/div>\n\t\t\t\t<\/div>\n\t\t\t\t<\/div>\n\t\t","protected":false},"excerpt":{"rendered":"<p>Decoder Monocabo O Decoder Monocabo Hidrotek \u00e9 a solu\u00e7\u00e3o de vanguarda para a simplifica\u00e7\u00e3o da cablagem em projetos de automa\u00e7\u00e3o agr\u00edcola de larga escala. Este dispositivo permite o controlo individualizado de v\u00e1lvulas, motores, solenoides e triprobes utilizando apenas um \u00fanico par de fios ao longo de toda a estufa. Ao eliminar a necessidade de feixes&hellip;<\/p>\n","protected":false},"author":1,"featured_media":0,"parent":0,"menu_order":10,"comment_status":"closed","ping_status":"closed","template":"elementor_header_footer","meta":{"inline_featured_image":false,"footnotes":""},"class_list":["post-22658","page","type-page","status-publish","hentry"],"_links":{"self":[{"href":"https:\/\/litoralregas.com\/site\/wp-json\/wp\/v2\/pages\/22658","targetHints":{"allow":["GET"]}}],"collection":[{"href":"https:\/\/litoralregas.com\/site\/wp-json\/wp\/v2\/pages"}],"about":[{"href":"https:\/\/litoralregas.com\/site\/wp-json\/wp\/v2\/types\/page"}],"author":[{"embeddable":true,"href":"https:\/\/litoralregas.com\/site\/wp-json\/wp\/v2\/users\/1"}],"replies":[{"embeddable":true,"href":"https:\/\/litoralregas.com\/site\/wp-json\/wp\/v2\/comments?post=22658"}],"version-history":[{"count":118,"href":"https:\/\/litoralregas.com\/site\/wp-json\/wp\/v2\/pages\/22658\/revisions"}],"predecessor-version":[{"id":27240,"href":"https:\/\/litoralregas.com\/site\/wp-json\/wp\/v2\/pages\/22658\/revisions\/27240"}],"wp:attachment":[{"href":"https:\/\/litoralregas.com\/site\/wp-json\/wp\/v2\/media?parent=22658"}],"curies":[{"name":"wp","href":"https:\/\/api.w.org\/{rel}","templated":true}]}}