{"id":23044,"date":"2026-01-12T14:42:11","date_gmt":"2026-01-12T14:42:11","guid":{"rendered":"https:\/\/litoralregas.com\/site\/?page_id=23044"},"modified":"2026-03-16T12:27:09","modified_gmt":"2026-03-16T12:27:09","slug":"hidromatic-dados-tecnicos","status":"publish","type":"page","link":"https:\/\/litoralregas.com\/site\/hidromatic-dados-tecnicos\/","title":{"rendered":"Hidromatic &#8211; Dados T\u00e9cnicos"},"content":{"rendered":"<div class=\"members-access-error\">\n<p style=\"background-color:white\">N\u00e3o possui acesso a esta p\u00e1gina, se \u00e9 nosso cliente fa\u00e7a <a href=\"https:\/\/litoralregas.com\/site\/login\/\">login<\/a>.<\/p>\n<\/div>\n","protected":false},"excerpt":{"rendered":"<div class=\"members-access-error\">\n<p style=\"background-color:white\">N\u00e3o possui acesso a esta p\u00e1gina, se \u00e9 nosso cliente fa\u00e7a <a href=\"https:\/\/litoralregas.com\/site\/login\/\">login<\/a>.<\/p>\n<\/div>\n","protected":false},"author":1,"featured_media":0,"parent":0,"menu_order":10,"comment_status":"closed","ping_status":"closed","template":"elementor_header_footer","meta":{"inline_featured_image":false,"footnotes":""},"class_list":["post-23044","page","type-page","status-publish","hentry"],"_links":{"self":[{"href":"https:\/\/litoralregas.com\/site\/wp-json\/wp\/v2\/pages\/23044","targetHints":{"allow":["GET"]}}],"collection":[{"href":"https:\/\/litoralregas.com\/site\/wp-json\/wp\/v2\/pages"}],"about":[{"href":"https:\/\/litoralregas.com\/site\/wp-json\/wp\/v2\/types\/page"}],"author":[{"embeddable":true,"href":"https:\/\/litoralregas.com\/site\/wp-json\/wp\/v2\/users\/1"}],"replies":[{"embeddable":true,"href":"https:\/\/litoralregas.com\/site\/wp-json\/wp\/v2\/comments?post=23044"}],"version-history":[{"count":61,"href":"https:\/\/litoralregas.com\/site\/wp-json\/wp\/v2\/pages\/23044\/revisions"}],"predecessor-version":[{"id":28237,"href":"https:\/\/litoralregas.com\/site\/wp-json\/wp\/v2\/pages\/23044\/revisions\/28237"}],"wp:attachment":[{"href":"https:\/\/litoralregas.com\/site\/wp-json\/wp\/v2\/media?parent=23044"}],"curies":[{"name":"wp","href":"https:\/\/api.w.org\/{rel}","templated":true}]}}