{"id":23112,"date":"2026-01-12T17:17:14","date_gmt":"2026-01-12T17:17:14","guid":{"rendered":"https:\/\/litoralregas.com\/site\/?page_id=23112"},"modified":"2026-03-19T09:55:37","modified_gmt":"2026-03-19T09:55:37","slug":"comunicacao-climatica-local","status":"publish","type":"page","link":"https:\/\/litoralregas.com\/site\/comunicacao-climatica-local\/","title":{"rendered":"Comunica\u00e7\u00e3o Clim\u00e1tica Local"},"content":{"rendered":"\t\t<div data-elementor-type=\"wp-page\" data-elementor-id=\"23112\" class=\"elementor elementor-23112\" data-elementor-post-type=\"page\">\n\t\t\t\t<div class=\"elementor-element elementor-element-7e352d6 e-con-full e-flex e-con e-parent\" data-id=\"7e352d6\" data-element_type=\"container\" data-settings=\"{&quot;background_background&quot;:&quot;gradient&quot;}\">\n\t\t\t\t<div class=\"elementor-element elementor-element-c07d7ee elementor-widget__width-initial e-transform elementor-widget elementor-widget-heading\" data-id=\"c07d7ee\" data-element_type=\"widget\" data-settings=\"{&quot;_transform_skewX_effect&quot;:{&quot;unit&quot;:&quot;px&quot;,&quot;size&quot;:0,&quot;sizes&quot;:[]},&quot;_transform_skewX_effect_tablet&quot;:{&quot;unit&quot;:&quot;deg&quot;,&quot;size&quot;:&quot;&quot;,&quot;sizes&quot;:[]},&quot;_transform_skewX_effect_mobile&quot;:{&quot;unit&quot;:&quot;deg&quot;,&quot;size&quot;:&quot;&quot;,&quot;sizes&quot;:[]},&quot;_transform_skewY_effect&quot;:{&quot;unit&quot;:&quot;px&quot;,&quot;size&quot;:&quot;&quot;,&quot;sizes&quot;:[]},&quot;_transform_skewY_effect_tablet&quot;:{&quot;unit&quot;:&quot;deg&quot;,&quot;size&quot;:&quot;&quot;,&quot;sizes&quot;:[]},&quot;_transform_skewY_effect_mobile&quot;:{&quot;unit&quot;:&quot;deg&quot;,&quot;size&quot;:&quot;&quot;,&quot;sizes&quot;:[]}}\" data-widget_type=\"heading.default\">\n\t\t\t\t\t<h2 class=\"elementor-heading-title elementor-size-default\">Comunica\u00e7\u00e3o Clim\u00e1tica Local<\/h2>\t\t\t\t<\/div>\n\t\t\t\t<div class=\"elementor-element elementor-element-4f8a9f9 elementor-widget__width-initial elementor-widget elementor-widget-n-accordion\" data-id=\"4f8a9f9\" data-element_type=\"widget\" data-settings=\"{&quot;max_items_expended&quot;:&quot;multiple&quot;,&quot;default_state&quot;:&quot;expanded&quot;,&quot;n_accordion_animation_duration&quot;:{&quot;unit&quot;:&quot;ms&quot;,&quot;size&quot;:400,&quot;sizes&quot;:[]}}\" data-widget_type=\"nested-accordion.default\">\n\t\t\t\t\t\t\t<div class=\"e-n-accordion\" aria-label=\"Accordion. Open links with Enter or Space, close with Escape, and navigate with Arrow Keys\">\n\t\t\t\t\t\t<details id=\"e-n-accordion-item-8340\" class=\"e-n-accordion-item\" open>\n\t\t\t\t<summary class=\"e-n-accordion-item-title\" data-accordion-index=\"1\" tabindex=\"0\" aria-expanded=\"true\" aria-controls=\"e-n-accordion-item-8340\" >\n\t\t\t\t\t<span class='e-n-accordion-item-title-header'><div class=\"e-n-accordion-item-title-text\"> Software de Supervis\u00e3o - Clima (K6\/K10) <\/div><\/span>\n\t\t\t\t\t\t\t<span class='e-n-accordion-item-title-icon'>\n\t\t\t<span class='e-opened' ><svg aria-hidden=\"true\" class=\"e-font-icon-svg e-fas-minus\" viewBox=\"0 0 448 512\" xmlns=\"http:\/\/www.w3.org\/2000\/svg\"><path d=\"M416 208H32c-17.67 0-32 14.33-32 32v32c0 17.67 14.33 32 32 32h384c17.67 0 32-14.33 32-32v-32c0-17.67-14.33-32-32-32z\"><\/path><\/svg><\/span>\n\t\t\t<span class='e-closed'><svg aria-hidden=\"true\" class=\"e-font-icon-svg e-fas-plus\" viewBox=\"0 0 448 512\" xmlns=\"http:\/\/www.w3.org\/2000\/svg\"><path d=\"M416 208H272V64c0-17.67-14.33-32-32-32h-32c-17.67 0-32 14.33-32 32v144H32c-17.67 0-32 14.33-32 32v32c0 17.67 14.33 32 32 32h144v144c0 17.67 14.33 32 32 32h32c17.67 0 32-14.33 32-32V304h144c17.67 0 32-14.33 32-32v-32c0-17.67-14.33-32-32-32z\"><\/path><\/svg><\/span>\n\t\t<\/span>\n\n\t\t\t\t\t\t<\/summary>\n\t\t\t\t<div role=\"region\" aria-labelledby=\"e-n-accordion-item-8340\" class=\"elementor-element elementor-element-12f7cb5 e-con-full e-flex e-con e-child\" data-id=\"12f7cb5\" data-element_type=\"container\">\n\t\t<div role=\"region\" aria-labelledby=\"e-n-accordion-item-8340\" class=\"elementor-element elementor-element-2b93dba e-con-full e-flex e-con e-child\" data-id=\"2b93dba\" data-element_type=\"container\">\n\t\t\t\t<div class=\"elementor-element elementor-element-ae683aa elementor-widget elementor-widget-text-editor\" data-id=\"ae683aa\" data-element_type=\"widget\" data-widget_type=\"text-editor.default\">\n\t\t\t\t\t\t\t\t\t<p>Software para monitoriza\u00e7\u00e3o dos m\u00f3dulos ativados<\/p><p>Possibilidade de Controlo por computador de todos os par\u00e2metros de programa\u00e7\u00e3o, do controlador Hidrotek.<\/p><p>Registos, gr\u00e1ficos e exporta\u00e7\u00e3o dos dados para Excel.<\/p>\t\t\t\t\t\t\t\t<\/div>\n\t\t\t\t<div class=\"elementor-element elementor-element-44488fa elementor-align-justify elementor-widget__width-initial elementor-widget elementor-widget-button\" data-id=\"44488fa\" data-element_type=\"widget\" data-widget_type=\"button.default\">\n\t\t\t\t\t\t\t\t\t\t<a class=\"elementor-button elementor-button-link elementor-size-sm\" href=\"https:\/\/litoralregas.com\/site\/software-de-supervisao-clima-k6-k10\/\">\n\t\t\t\t\t\t<span class=\"elementor-button-content-wrapper\">\n\t\t\t\t\t\t<span class=\"elementor-button-icon\">\n\t\t\t\t<svg xmlns=\"http:\/\/www.w3.org\/2000\/svg\" viewBox=\"0 0 24 24\" width=\"24\" height=\"24\"><path fill=\"none\" d=\"M0 0h24v24H0z\"><\/path><path d=\"M13.172 12l-4.95-4.95 1.414-1.414L16 12l-6.364 6.364-1.414-1.414z\"><\/path><\/svg>\t\t\t<\/span>\n\t\t\t\t\t\t\t\t\t<span class=\"elementor-button-text\">Informa\u00e7\u00e3o<\/span>\n\t\t\t\t\t<\/span>\n\t\t\t\t\t<\/a>\n\t\t\t\t\t\t\t\t<\/div>\n\t\t\t\t<div class=\"elementor-element elementor-element-b4e0b73 elementor-align-justify elementor-widget__width-initial elementor-widget elementor-widget-button\" data-id=\"b4e0b73\" data-element_type=\"widget\" data-widget_type=\"button.default\">\n\t\t\t\t\t\t\t\t\t\t<a class=\"elementor-button elementor-button-link elementor-size-sm\" href=\"https:\/\/litoralregas.com\/site\/software-de-supervisao-clima-k6-k10\/\">\n\t\t\t\t\t\t<span class=\"elementor-button-content-wrapper\">\n\t\t\t\t\t\t<span class=\"elementor-button-icon\">\n\t\t\t\t<svg xmlns=\"http:\/\/www.w3.org\/2000\/svg\" viewBox=\"0 0 24 24\" width=\"24\" height=\"24\"><path fill=\"none\" d=\"M0 0h24v24H0z\"><\/path><path d=\"M13.172 12l-4.95-4.95 1.414-1.414L16 12l-6.364 6.364-1.414-1.414z\"><\/path><\/svg>\t\t\t<\/span>\n\t\t\t\t\t\t\t\t\t<span class=\"elementor-button-text\">Dados T\u00e9cnicos<\/span>\n\t\t\t\t\t<\/span>\n\t\t\t\t\t<\/a>\n\t\t\t\t\t\t\t\t<\/div>\n\t\t\t\t<\/div>\n\t\t<div role=\"region\" aria-labelledby=\"e-n-accordion-item-8340\" class=\"elementor-element elementor-element-d005b1f e-con-full e-flex e-con e-child\" data-id=\"d005b1f\" data-element_type=\"container\">\n\t\t\t\t<div class=\"elementor-element elementor-element-4259d9d elementor-widget elementor-widget-image\" data-id=\"4259d9d\" data-element_type=\"widget\" data-widget_type=\"image.default\">\n\t\t\t\t\t\t\t\t\t\t\t\t\t\t\t<img fetchpriority=\"high\" decoding=\"async\" width=\"300\" height=\"180\" src=\"https:\/\/litoralregas.com\/site\/wp-content\/uploads\/2025\/10\/meteolorogia-pc-300x180.png\" class=\"attachment-medium size-medium wp-image-22526\" alt=\"\" srcset=\"https:\/\/litoralregas.com\/site\/wp-content\/uploads\/2025\/10\/meteolorogia-pc-300x180.png 300w, https:\/\/litoralregas.com\/site\/wp-content\/uploads\/2025\/10\/meteolorogia-pc.png 708w\" sizes=\"(max-width: 300px) 100vw, 300px\" \/>\t\t\t\t\t\t\t\t\t\t\t\t\t\t\t<\/div>\n\t\t\t\t<\/div>\n\t\t\t\t<\/div>\n\t\t\t\t\t<\/details>\n\t\t\t\t\t\t<details id=\"e-n-accordion-item-8341\" class=\"e-n-accordion-item\" >\n\t\t\t\t<summary class=\"e-n-accordion-item-title\" data-accordion-index=\"2\" tabindex=\"-1\" aria-expanded=\"false\" aria-controls=\"e-n-accordion-item-8341\" >\n\t\t\t\t\t<span class='e-n-accordion-item-title-header'><div class=\"e-n-accordion-item-title-text\"> Ativa\u00e7\u00e3o m\u00f3dulo Irriga\u00e7\u00e3o no Controlador de Clima (K6\/K10) <\/div><\/span>\n\t\t\t\t\t\t\t<span class='e-n-accordion-item-title-icon'>\n\t\t\t<span class='e-opened' ><svg aria-hidden=\"true\" class=\"e-font-icon-svg e-fas-minus\" viewBox=\"0 0 448 512\" xmlns=\"http:\/\/www.w3.org\/2000\/svg\"><path d=\"M416 208H32c-17.67 0-32 14.33-32 32v32c0 17.67 14.33 32 32 32h384c17.67 0 32-14.33 32-32v-32c0-17.67-14.33-32-32-32z\"><\/path><\/svg><\/span>\n\t\t\t<span class='e-closed'><svg aria-hidden=\"true\" class=\"e-font-icon-svg e-fas-plus\" viewBox=\"0 0 448 512\" xmlns=\"http:\/\/www.w3.org\/2000\/svg\"><path d=\"M416 208H272V64c0-17.67-14.33-32-32-32h-32c-17.67 0-32 14.33-32 32v144H32c-17.67 0-32 14.33-32 32v32c0 17.67 14.33 32 32 32h144v144c0 17.67 14.33 32 32 32h32c17.67 0 32-14.33 32-32V304h144c17.67 0 32-14.33 32-32v-32c0-17.67-14.33-32-32-32z\"><\/path><\/svg><\/span>\n\t\t<\/span>\n\n\t\t\t\t\t\t<\/summary>\n\t\t\t\t<div role=\"region\" aria-labelledby=\"e-n-accordion-item-8341\" class=\"elementor-element elementor-element-2b81494 e-con-full e-flex e-con e-child\" data-id=\"2b81494\" data-element_type=\"container\">\n\t\t<div role=\"region\" aria-labelledby=\"e-n-accordion-item-8341\" class=\"elementor-element elementor-element-f0db2da e-con-full e-flex e-con e-child\" data-id=\"f0db2da\" data-element_type=\"container\">\n\t\t\t\t<div class=\"elementor-element elementor-element-67c381a elementor-widget elementor-widget-text-editor\" data-id=\"67c381a\" data-element_type=\"widget\" data-widget_type=\"text-editor.default\">\n\t\t\t\t\t\t\t\t\t<p>Lorem ipsum dolor sit amet, consectetur adipiscing elit. Ut elit tellus, luctus nec ullamcorper mattis, pulvinar dapibus leo.<\/p>\t\t\t\t\t\t\t\t<\/div>\n\t\t\t\t<div class=\"elementor-element elementor-element-21e37e6 elementor-align-justify elementor-widget__width-initial elementor-widget elementor-widget-button\" data-id=\"21e37e6\" data-element_type=\"widget\" data-widget_type=\"button.default\">\n\t\t\t\t\t\t\t\t\t\t<a class=\"elementor-button elementor-button-link elementor-size-sm\" href=\"https:\/\/litoralregas.com\/site\/ativacao-modulo-irrigacao-no-controlador-de-clima-k6-k10\/\">\n\t\t\t\t\t\t<span class=\"elementor-button-content-wrapper\">\n\t\t\t\t\t\t<span class=\"elementor-button-icon\">\n\t\t\t\t<svg xmlns=\"http:\/\/www.w3.org\/2000\/svg\" viewBox=\"0 0 24 24\" width=\"24\" height=\"24\"><path fill=\"none\" d=\"M0 0h24v24H0z\"><\/path><path d=\"M13.172 12l-4.95-4.95 1.414-1.414L16 12l-6.364 6.364-1.414-1.414z\"><\/path><\/svg>\t\t\t<\/span>\n\t\t\t\t\t\t\t\t\t<span class=\"elementor-button-text\">Informa\u00e7\u00e3o<\/span>\n\t\t\t\t\t<\/span>\n\t\t\t\t\t<\/a>\n\t\t\t\t\t\t\t\t<\/div>\n\t\t\t\t<div class=\"elementor-element elementor-element-9c37ab3 elementor-align-justify elementor-widget__width-initial elementor-widget elementor-widget-button\" data-id=\"9c37ab3\" data-element_type=\"widget\" data-widget_type=\"button.default\">\n\t\t\t\t\t\t\t\t\t\t<a class=\"elementor-button elementor-button-link elementor-size-sm\" href=\"https:\/\/litoralregas.com\/site\/ativacao-modulo-irrigacao-no-controlador-de-clima-k6-k10\/\">\n\t\t\t\t\t\t<span class=\"elementor-button-content-wrapper\">\n\t\t\t\t\t\t<span class=\"elementor-button-icon\">\n\t\t\t\t<svg xmlns=\"http:\/\/www.w3.org\/2000\/svg\" viewBox=\"0 0 24 24\" width=\"24\" height=\"24\"><path fill=\"none\" d=\"M0 0h24v24H0z\"><\/path><path d=\"M13.172 12l-4.95-4.95 1.414-1.414L16 12l-6.364 6.364-1.414-1.414z\"><\/path><\/svg>\t\t\t<\/span>\n\t\t\t\t\t\t\t\t\t<span class=\"elementor-button-text\">Dados T\u00e9cnicos<\/span>\n\t\t\t\t\t<\/span>\n\t\t\t\t\t<\/a>\n\t\t\t\t\t\t\t\t<\/div>\n\t\t\t\t<\/div>\n\t\t<div role=\"region\" aria-labelledby=\"e-n-accordion-item-8341\" class=\"elementor-element elementor-element-2ae425a e-con-full e-flex e-con e-child\" data-id=\"2ae425a\" data-element_type=\"container\">\n\t\t\t\t<div class=\"elementor-element elementor-element-434fb73 elementor-widget elementor-widget-image\" data-id=\"434fb73\" data-element_type=\"widget\" data-widget_type=\"image.default\">\n\t\t\t\t\t\t\t\t\t\t\t\t\t\t\t<img decoding=\"async\" width=\"300\" height=\"180\" src=\"https:\/\/litoralregas.com\/site\/wp-content\/uploads\/2026\/01\/Captura-de-ecra-2026-01-23-140510-300x180.png\" class=\"attachment-medium size-medium wp-image-24262\" alt=\"\" srcset=\"https:\/\/litoralregas.com\/site\/wp-content\/uploads\/2026\/01\/Captura-de-ecra-2026-01-23-140510-300x180.png 300w, https:\/\/litoralregas.com\/site\/wp-content\/uploads\/2026\/01\/Captura-de-ecra-2026-01-23-140510-768x460.png 768w, https:\/\/litoralregas.com\/site\/wp-content\/uploads\/2026\/01\/Captura-de-ecra-2026-01-23-140510-1000x599.png 1000w, https:\/\/litoralregas.com\/site\/wp-content\/uploads\/2026\/01\/Captura-de-ecra-2026-01-23-140510.png 1014w\" sizes=\"(max-width: 300px) 100vw, 300px\" \/>\t\t\t\t\t\t\t\t\t\t\t\t\t\t\t<\/div>\n\t\t\t\t<\/div>\n\t\t\t\t<\/div>\n\t\t\t\t\t<\/details>\n\t\t\t\t\t\t<details id=\"e-n-accordion-item-8342\" class=\"e-n-accordion-item\" >\n\t\t\t\t<summary class=\"e-n-accordion-item-title\" data-accordion-index=\"3\" tabindex=\"-1\" aria-expanded=\"false\" aria-controls=\"e-n-accordion-item-8342\" >\n\t\t\t\t\t<span class='e-n-accordion-item-title-header'><div class=\"e-n-accordion-item-title-text\"> Router KW600 - Controlo Remoto (Clima) <\/div><\/span>\n\t\t\t\t\t\t\t<span class='e-n-accordion-item-title-icon'>\n\t\t\t<span class='e-opened' ><svg aria-hidden=\"true\" class=\"e-font-icon-svg e-fas-minus\" viewBox=\"0 0 448 512\" xmlns=\"http:\/\/www.w3.org\/2000\/svg\"><path d=\"M416 208H32c-17.67 0-32 14.33-32 32v32c0 17.67 14.33 32 32 32h384c17.67 0 32-14.33 32-32v-32c0-17.67-14.33-32-32-32z\"><\/path><\/svg><\/span>\n\t\t\t<span class='e-closed'><svg aria-hidden=\"true\" class=\"e-font-icon-svg e-fas-plus\" viewBox=\"0 0 448 512\" xmlns=\"http:\/\/www.w3.org\/2000\/svg\"><path d=\"M416 208H272V64c0-17.67-14.33-32-32-32h-32c-17.67 0-32 14.33-32 32v144H32c-17.67 0-32 14.33-32 32v32c0 17.67 14.33 32 32 32h144v144c0 17.67 14.33 32 32 32h32c17.67 0 32-14.33 32-32V304h144c17.67 0 32-14.33 32-32v-32c0-17.67-14.33-32-32-32z\"><\/path><\/svg><\/span>\n\t\t<\/span>\n\n\t\t\t\t\t\t<\/summary>\n\t\t\t\t<div role=\"region\" aria-labelledby=\"e-n-accordion-item-8342\" class=\"elementor-element elementor-element-8848d2d e-con-full e-flex e-con e-child\" data-id=\"8848d2d\" data-element_type=\"container\">\n\t\t<div role=\"region\" aria-labelledby=\"e-n-accordion-item-8342\" class=\"elementor-element elementor-element-f7a9117 e-con-full e-flex e-con e-child\" data-id=\"f7a9117\" data-element_type=\"container\">\n\t\t\t\t<div class=\"elementor-element elementor-element-d4dd071 elementor-widget elementor-widget-text-editor\" data-id=\"d4dd071\" data-element_type=\"widget\" data-widget_type=\"text-editor.default\">\n\t\t\t\t\t\t\t\t\t<p>O Router KW600 Hidrotek \u00e9 o n\u00facleo de comunica\u00e7\u00e3o avan\u00e7ada para a gest\u00e3o remota de estufas inteligentes. Projetado para operar em ambientes industriais, este dispositivo estabelece uma liga\u00e7\u00e3o segura e est\u00e1vel entre os controladores de fertirriga\u00e7\u00e3o e a plataforma de supervis\u00e3o. Atrav\u00e9s do KW600, o produtor pode monitorizar e ajustar todos os par\u00e2metros de climatiza\u00e7\u00e3o, rega e alarm\u00edstica a partir de qualquer lugar, via smartphone, tablet ou PC. Com suporte para conectividade robusta e protocolos de seguran\u00e7a encriptados, o KW600 elimina as dist\u00e2ncias f\u00edsicas, garantindo que o controlo total da produ\u00e7\u00e3o esteja sempre na palma da m\u00e3o, otimizando a resposta a eventos clim\u00e1ticos imprevistos.<\/p><p><strong>Permite\u00a0a monitoriza\u00e7\u00e3o e gest\u00e3o remota dos controladores da<\/strong><\/p><p><strong>gama Hidrotek touche screen em todas suas vers\u00f5es, a qualquer momento e de qualquer lugar, com rapidez e facilidade, pode-se operar o controlador<\/strong><\/p>\t\t\t\t\t\t\t\t<\/div>\n\t\t\t\t<div class=\"elementor-element elementor-element-ae72c7e elementor-align-justify elementor-widget__width-initial elementor-widget elementor-widget-button\" data-id=\"ae72c7e\" data-element_type=\"widget\" data-widget_type=\"button.default\">\n\t\t\t\t\t\t\t\t\t\t<a class=\"elementor-button elementor-button-link elementor-size-sm\" href=\"https:\/\/litoralregas.com\/site\/router-kw600-controlo-remoto-clima\/\">\n\t\t\t\t\t\t<span class=\"elementor-button-content-wrapper\">\n\t\t\t\t\t\t<span class=\"elementor-button-icon\">\n\t\t\t\t<svg xmlns=\"http:\/\/www.w3.org\/2000\/svg\" viewBox=\"0 0 24 24\" width=\"24\" height=\"24\"><path fill=\"none\" d=\"M0 0h24v24H0z\"><\/path><path d=\"M13.172 12l-4.95-4.95 1.414-1.414L16 12l-6.364 6.364-1.414-1.414z\"><\/path><\/svg>\t\t\t<\/span>\n\t\t\t\t\t\t\t\t\t<span class=\"elementor-button-text\">Informa\u00e7\u00e3o<\/span>\n\t\t\t\t\t<\/span>\n\t\t\t\t\t<\/a>\n\t\t\t\t\t\t\t\t<\/div>\n\t\t\t\t<\/div>\n\t\t<div role=\"region\" aria-labelledby=\"e-n-accordion-item-8342\" class=\"elementor-element elementor-element-09e9436 e-con-full e-flex e-con e-child\" data-id=\"09e9436\" data-element_type=\"container\">\n\t\t\t\t<div class=\"elementor-element elementor-element-9229193 elementor-widget elementor-widget-image\" data-id=\"9229193\" data-element_type=\"widget\" data-widget_type=\"image.default\">\n\t\t\t\t\t\t\t\t\t\t\t\t\t\t\t<img decoding=\"async\" width=\"300\" height=\"237\" src=\"https:\/\/litoralregas.com\/site\/wp-content\/uploads\/2026\/01\/router-2.1-300x237.png\" class=\"attachment-medium size-medium wp-image-25324\" alt=\"\" srcset=\"https:\/\/litoralregas.com\/site\/wp-content\/uploads\/2026\/01\/router-2.1-300x237.png 300w, https:\/\/litoralregas.com\/site\/wp-content\/uploads\/2026\/01\/router-2.1-768x607.png 768w, https:\/\/litoralregas.com\/site\/wp-content\/uploads\/2026\/01\/router-2.1.png 810w\" sizes=\"(max-width: 300px) 100vw, 300px\" \/>\t\t\t\t\t\t\t\t\t\t\t\t\t\t\t<\/div>\n\t\t\t\t<\/div>\n\t\t\t\t<\/div>\n\t\t\t\t\t<\/details>\n\t\t\t\t\t<\/div>\n\t\t\t\t\t\t<\/div>\n\t\t\t\t<div class=\"elementor-element elementor-element-decbfee elementor-align-justify elementor-widget__width-initial elementor-widget elementor-widget-button\" data-id=\"decbfee\" data-element_type=\"widget\" data-widget_type=\"button.default\">\n\t\t\t\t\t\t\t\t\t\t<a class=\"elementor-button elementor-button-link elementor-size-sm\" href=\"https:\/\/litoralregas.com\/site\/clima\/\">\n\t\t\t\t\t\t<span class=\"elementor-button-content-wrapper\">\n\t\t\t\t\t\t<span class=\"elementor-button-icon\">\n\t\t\t\t<svg aria-hidden=\"true\" class=\"e-font-icon-svg e-fas-step-backward\" viewBox=\"0 0 448 512\" xmlns=\"http:\/\/www.w3.org\/2000\/svg\"><path d=\"M64 468V44c0-6.6 5.4-12 12-12h48c6.6 0 12 5.4 12 12v176.4l195.5-181C352.1 22.3 384 36.6 384 64v384c0 27.4-31.9 41.7-52.5 24.6L136 292.7V468c0 6.6-5.4 12-12 12H76c-6.6 0-12-5.4-12-12z\"><\/path><\/svg>\t\t\t<\/span>\n\t\t\t\t\t\t\t\t\t<span class=\"elementor-button-text\">Voltar<\/span>\n\t\t\t\t\t<\/span>\n\t\t\t\t\t<\/a>\n\t\t\t\t\t\t\t\t<\/div>\n\t\t\t\t<div class=\"elementor-element elementor-element-c5073a5 elementor-widget__width-initial elementor-widget elementor-widget-spacer\" data-id=\"c5073a5\" data-element_type=\"widget\" data-widget_type=\"spacer.default\">\n\t\t\t\t\t\t\t<div class=\"elementor-spacer\">\n\t\t\t<div class=\"elementor-spacer-inner\"><\/div>\n\t\t<\/div>\n\t\t\t\t\t\t<\/div>\n\t\t\t\t<\/div>\n\t\t\t\t<\/div>\n\t\t","protected":false},"excerpt":{"rendered":"<p>Comunica\u00e7\u00e3o Clim\u00e1tica Local Software de Supervis\u00e3o &#8211; Clima (K6\/K10) Software para monitoriza\u00e7\u00e3o dos m\u00f3dulos ativados Possibilidade de Controlo por computador de todos os par\u00e2metros de programa\u00e7\u00e3o, do controlador Hidrotek. Registos, gr\u00e1ficos e exporta\u00e7\u00e3o dos dados para Excel. Informa\u00e7\u00e3o Dados T\u00e9cnicos Ativa\u00e7\u00e3o m\u00f3dulo Irriga\u00e7\u00e3o no Controlador de Clima (K6\/K10) Lorem ipsum dolor sit amet, consectetur adipiscing&hellip;<\/p>\n","protected":false},"author":1,"featured_media":0,"parent":0,"menu_order":10,"comment_status":"closed","ping_status":"closed","template":"elementor_header_footer","meta":{"inline_featured_image":false,"footnotes":""},"class_list":["post-23112","page","type-page","status-publish","hentry"],"_links":{"self":[{"href":"https:\/\/litoralregas.com\/site\/wp-json\/wp\/v2\/pages\/23112","targetHints":{"allow":["GET"]}}],"collection":[{"href":"https:\/\/litoralregas.com\/site\/wp-json\/wp\/v2\/pages"}],"about":[{"href":"https:\/\/litoralregas.com\/site\/wp-json\/wp\/v2\/types\/page"}],"author":[{"embeddable":true,"href":"https:\/\/litoralregas.com\/site\/wp-json\/wp\/v2\/users\/1"}],"replies":[{"embeddable":true,"href":"https:\/\/litoralregas.com\/site\/wp-json\/wp\/v2\/comments?post=23112"}],"version-history":[{"count":82,"href":"https:\/\/litoralregas.com\/site\/wp-json\/wp\/v2\/pages\/23112\/revisions"}],"predecessor-version":[{"id":28380,"href":"https:\/\/litoralregas.com\/site\/wp-json\/wp\/v2\/pages\/23112\/revisions\/28380"}],"wp:attachment":[{"href":"https:\/\/litoralregas.com\/site\/wp-json\/wp\/v2\/media?parent=23112"}],"curies":[{"name":"wp","href":"https:\/\/api.w.org\/{rel}","templated":true}]}}