{"id":24014,"date":"2026-01-22T14:00:50","date_gmt":"2026-01-22T14:00:50","guid":{"rendered":"https:\/\/litoralregas.com\/site\/?page_id=24014"},"modified":"2026-03-06T15:00:31","modified_gmt":"2026-03-06T15:00:31","slug":"clima","status":"publish","type":"page","link":"https:\/\/litoralregas.com\/site\/clima\/","title":{"rendered":"Clima"},"content":{"rendered":"\t\t<div data-elementor-type=\"wp-page\" data-elementor-id=\"24014\" class=\"elementor elementor-24014\" data-elementor-post-type=\"page\">\n\t\t\t\t<div class=\"elementor-element elementor-element-1cd2cbd e-con-full e-flex e-con e-parent\" data-id=\"1cd2cbd\" data-element_type=\"container\" data-settings=\"{&quot;background_background&quot;:&quot;gradient&quot;}\">\n\t\t\t\t<div class=\"elementor-element elementor-element-5c5781f elementor-widget__width-initial e-transform elementor-widget elementor-widget-heading\" data-id=\"5c5781f\" data-element_type=\"widget\" data-settings=\"{&quot;_transform_skewX_effect&quot;:{&quot;unit&quot;:&quot;px&quot;,&quot;size&quot;:0,&quot;sizes&quot;:[]},&quot;_transform_skewX_effect_tablet&quot;:{&quot;unit&quot;:&quot;deg&quot;,&quot;size&quot;:&quot;&quot;,&quot;sizes&quot;:[]},&quot;_transform_skewX_effect_mobile&quot;:{&quot;unit&quot;:&quot;deg&quot;,&quot;size&quot;:&quot;&quot;,&quot;sizes&quot;:[]},&quot;_transform_skewY_effect&quot;:{&quot;unit&quot;:&quot;px&quot;,&quot;size&quot;:&quot;&quot;,&quot;sizes&quot;:[]},&quot;_transform_skewY_effect_tablet&quot;:{&quot;unit&quot;:&quot;deg&quot;,&quot;size&quot;:&quot;&quot;,&quot;sizes&quot;:[]},&quot;_transform_skewY_effect_mobile&quot;:{&quot;unit&quot;:&quot;deg&quot;,&quot;size&quot;:&quot;&quot;,&quot;sizes&quot;:[]}}\" data-widget_type=\"heading.default\">\n\t\t\t\t\t<h1 class=\"elementor-heading-title elementor-size-default\">Clima<\/h1>\t\t\t\t<\/div>\n\t\t\t\t<div class=\"elementor-element elementor-element-460c2e6 elementor-widget__width-initial elementor-widget elementor-widget-text-editor\" data-id=\"460c2e6\" data-element_type=\"widget\" data-widget_type=\"text-editor.default\">\n\t\t\t\t\t\t\t\t\t<p>A solu\u00e7\u00e3o de controlo ambiental Hidrotek permite integrar o controlo dos equipamentos mais usados em estufas numa \u00fanica solu\u00e7\u00e3o centralizada e expans\u00edvel.<br \/>\u00c9 um produto flex\u00edvel que pode controlar desde apenas um teto numa estufa at\u00e9 uma bateria de estufas com diversos equipamentos. \u00c9 altamente personaliz\u00e1vel e adapta-se a qualquer situa\u00e7\u00e3o real.<br \/>Pode incluir uma esta\u00e7\u00e3o meteorol\u00f3gica que fornece todos os dados necess\u00e1rios a um correto controlo das temperaturas, humidades relativas e prote\u00e7\u00e3o contra ventos fortes e chuva intensa.<\/p>\t\t\t\t\t\t\t\t<\/div>\n\t\t<div class=\"elementor-element elementor-element-cab8d00 e-flex e-con-boxed e-con e-child\" data-id=\"cab8d00\" data-element_type=\"container\">\n\t\t\t\t\t<div class=\"e-con-inner\">\n\t\t<div class=\"elementor-element elementor-element-6014a34 e-con-full e-flex e-con e-child\" data-id=\"6014a34\" data-element_type=\"container\">\n\t\t\t\t<div class=\"elementor-element elementor-element-0c7d318 elementor-align-justify elementor-widget__width-initial elementor-widget elementor-widget-button\" data-id=\"0c7d318\" data-element_type=\"widget\" data-widget_type=\"button.default\">\n\t\t\t\t\t\t\t\t\t\t<a class=\"elementor-button elementor-button-link elementor-size-sm\" href=\"https:\/\/litoralregas.com\/site\/controlo-de-aberturas\/\">\n\t\t\t\t\t\t<span class=\"elementor-button-content-wrapper\">\n\t\t\t\t\t\t<span class=\"elementor-button-icon\">\n\t\t\t\t<svg xmlns=\"http:\/\/www.w3.org\/2000\/svg\" viewBox=\"0 0 24 24\" width=\"24\" height=\"24\"><path fill=\"none\" d=\"M0 0h24v24H0z\"><\/path><path d=\"M13.172 12l-4.95-4.95 1.414-1.414L16 12l-6.364 6.364-1.414-1.414z\"><\/path><\/svg>\t\t\t<\/span>\n\t\t\t\t\t\t\t\t\t<span class=\"elementor-button-text\">Controlo de Aberturas<\/span>\n\t\t\t\t\t<\/span>\n\t\t\t\t\t<\/a>\n\t\t\t\t\t\t\t\t<\/div>\n\t\t\t\t<div class=\"elementor-element elementor-element-9084e36 elementor-align-justify elementor-widget__width-initial elementor-widget elementor-widget-button\" data-id=\"9084e36\" data-element_type=\"widget\" data-widget_type=\"button.default\">\n\t\t\t\t\t\t\t\t\t\t<a class=\"elementor-button elementor-button-link elementor-size-sm\" href=\"https:\/\/litoralregas.com\/site\/controladores-de-clima-hidrotek\/\">\n\t\t\t\t\t\t<span class=\"elementor-button-content-wrapper\">\n\t\t\t\t\t\t<span class=\"elementor-button-icon\">\n\t\t\t\t<svg xmlns=\"http:\/\/www.w3.org\/2000\/svg\" viewBox=\"0 0 24 24\" width=\"24\" height=\"24\"><path fill=\"none\" d=\"M0 0h24v24H0z\"><\/path><path d=\"M13.172 12l-4.95-4.95 1.414-1.414L16 12l-6.364 6.364-1.414-1.414z\"><\/path><\/svg>\t\t\t<\/span>\n\t\t\t\t\t\t\t\t\t<span class=\"elementor-button-text\">Controladores de Clima Hidrotek<\/span>\n\t\t\t\t\t<\/span>\n\t\t\t\t\t<\/a>\n\t\t\t\t\t\t\t\t<\/div>\n\t\t\t\t<div class=\"elementor-element elementor-element-a1af02d elementor-align-justify elementor-widget__width-initial elementor-widget elementor-widget-button\" data-id=\"a1af02d\" data-element_type=\"widget\" data-widget_type=\"button.default\">\n\t\t\t\t\t\t\t\t\t\t<a class=\"elementor-button elementor-button-link elementor-size-sm\" href=\"https:\/\/litoralregas.com\/site\/sensores-de-clima\/\">\n\t\t\t\t\t\t<span class=\"elementor-button-content-wrapper\">\n\t\t\t\t\t\t<span class=\"elementor-button-icon\">\n\t\t\t\t<svg xmlns=\"http:\/\/www.w3.org\/2000\/svg\" viewBox=\"0 0 24 24\" width=\"24\" height=\"24\"><path fill=\"none\" d=\"M0 0h24v24H0z\"><\/path><path d=\"M13.172 12l-4.95-4.95 1.414-1.414L16 12l-6.364 6.364-1.414-1.414z\"><\/path><\/svg>\t\t\t<\/span>\n\t\t\t\t\t\t\t\t\t<span class=\"elementor-button-text\">Sensores de Clima<\/span>\n\t\t\t\t\t<\/span>\n\t\t\t\t\t<\/a>\n\t\t\t\t\t\t\t\t<\/div>\n\t\t\t\t<div class=\"elementor-element elementor-element-0b71162 elementor-align-justify elementor-widget__width-initial elementor-widget elementor-widget-button\" data-id=\"0b71162\" data-element_type=\"widget\" data-widget_type=\"button.default\">\n\t\t\t\t\t\t\t\t\t\t<a class=\"elementor-button elementor-button-link elementor-size-sm\" href=\"https:\/\/litoralregas.com\/site\/comunicacao-climatica-local\/\">\n\t\t\t\t\t\t<span class=\"elementor-button-content-wrapper\">\n\t\t\t\t\t\t<span class=\"elementor-button-icon\">\n\t\t\t\t<svg xmlns=\"http:\/\/www.w3.org\/2000\/svg\" viewBox=\"0 0 24 24\" width=\"24\" height=\"24\"><path fill=\"none\" d=\"M0 0h24v24H0z\"><\/path><path d=\"M13.172 12l-4.95-4.95 1.414-1.414L16 12l-6.364 6.364-1.414-1.414z\"><\/path><\/svg>\t\t\t<\/span>\n\t\t\t\t\t\t\t\t\t<span class=\"elementor-button-text\">Comunica\u00e7\u00e3o Clim\u00e1tica Local<\/span>\n\t\t\t\t\t<\/span>\n\t\t\t\t\t<\/a>\n\t\t\t\t\t\t\t\t<\/div>\n\t\t\t\t<\/div>\n\t\t<div class=\"elementor-element elementor-element-3a4a1fb e-con-full e-flex e-con e-child\" data-id=\"3a4a1fb\" data-element_type=\"container\">\n\t\t\t\t<div class=\"elementor-element elementor-element-c32dc5a elementor-widget__width-initial elementor-widget elementor-widget-image\" data-id=\"c32dc5a\" data-element_type=\"widget\" data-widget_type=\"image.default\">\n\t\t\t\t\t\t\t\t\t\t\t\t\t\t\t<img fetchpriority=\"high\" decoding=\"async\" width=\"1024\" height=\"555\" src=\"https:\/\/litoralregas.com\/site\/wp-content\/uploads\/2026\/01\/Captura-de-ecra-2026-01-19-122950-1024x555.png\" class=\"attachment-large size-large wp-image-23556\" alt=\"\" srcset=\"https:\/\/litoralregas.com\/site\/wp-content\/uploads\/2026\/01\/Captura-de-ecra-2026-01-19-122950-1024x555.png 1024w, https:\/\/litoralregas.com\/site\/wp-content\/uploads\/2026\/01\/Captura-de-ecra-2026-01-19-122950-300x163.png 300w, https:\/\/litoralregas.com\/site\/wp-content\/uploads\/2026\/01\/Captura-de-ecra-2026-01-19-122950-768x416.png 768w, https:\/\/litoralregas.com\/site\/wp-content\/uploads\/2026\/01\/Captura-de-ecra-2026-01-19-122950-1000x542.png 1000w, https:\/\/litoralregas.com\/site\/wp-content\/uploads\/2026\/01\/Captura-de-ecra-2026-01-19-122950.png 1268w\" sizes=\"(max-width: 1024px) 100vw, 1024px\" \/>\t\t\t\t\t\t\t\t\t\t\t\t\t\t\t<\/div>\n\t\t\t\t<\/div>\n\t\t\t\t\t<\/div>\n\t\t\t\t<\/div>\n\t\t\t\t<div class=\"elementor-element elementor-element-58e9daf elementor-widget elementor-widget-spacer\" data-id=\"58e9daf\" data-element_type=\"widget\" data-widget_type=\"spacer.default\">\n\t\t\t\t\t\t\t<div class=\"elementor-spacer\">\n\t\t\t<div class=\"elementor-spacer-inner\"><\/div>\n\t\t<\/div>\n\t\t\t\t\t\t<\/div>\n\t\t\t\t<\/div>\n\t\t\t\t<\/div>\n\t\t","protected":false},"excerpt":{"rendered":"<p>Clima A solu\u00e7\u00e3o de controlo ambiental Hidrotek permite integrar o controlo dos equipamentos mais usados em estufas numa \u00fanica solu\u00e7\u00e3o centralizada e expans\u00edvel.\u00c9 um produto flex\u00edvel que pode controlar desde apenas um teto numa estufa at\u00e9 uma bateria de estufas com diversos equipamentos. \u00c9 altamente personaliz\u00e1vel e adapta-se a qualquer situa\u00e7\u00e3o real.Pode incluir uma esta\u00e7\u00e3o&hellip;<\/p>\n","protected":false},"author":3,"featured_media":0,"parent":0,"menu_order":30,"comment_status":"closed","ping_status":"closed","template":"elementor_canvas","meta":{"inline_featured_image":false,"footnotes":""},"class_list":["post-24014","page","type-page","status-publish","hentry"],"_links":{"self":[{"href":"https:\/\/litoralregas.com\/site\/wp-json\/wp\/v2\/pages\/24014","targetHints":{"allow":["GET"]}}],"collection":[{"href":"https:\/\/litoralregas.com\/site\/wp-json\/wp\/v2\/pages"}],"about":[{"href":"https:\/\/litoralregas.com\/site\/wp-json\/wp\/v2\/types\/page"}],"author":[{"embeddable":true,"href":"https:\/\/litoralregas.com\/site\/wp-json\/wp\/v2\/users\/3"}],"replies":[{"embeddable":true,"href":"https:\/\/litoralregas.com\/site\/wp-json\/wp\/v2\/comments?post=24014"}],"version-history":[{"count":106,"href":"https:\/\/litoralregas.com\/site\/wp-json\/wp\/v2\/pages\/24014\/revisions"}],"predecessor-version":[{"id":27925,"href":"https:\/\/litoralregas.com\/site\/wp-json\/wp\/v2\/pages\/24014\/revisions\/27925"}],"wp:attachment":[{"href":"https:\/\/litoralregas.com\/site\/wp-json\/wp\/v2\/media?parent=24014"}],"curies":[{"name":"wp","href":"https:\/\/api.w.org\/{rel}","templated":true}]}}