{"id":24429,"date":"2026-01-26T10:05:56","date_gmt":"2026-01-26T10:05:56","guid":{"rendered":"https:\/\/litoralregas.com\/site\/?page_id=24429"},"modified":"2026-03-03T17:11:50","modified_gmt":"2026-03-03T17:11:50","slug":"ativacao-modulo-irrigacao-no-controlador-de-clima-k6-k10","status":"publish","type":"page","link":"https:\/\/litoralregas.com\/site\/ativacao-modulo-irrigacao-no-controlador-de-clima-k6-k10\/","title":{"rendered":"Ativa\u00e7\u00e3o m\u00f3dulo Irriga\u00e7\u00e3o no Controlador de Clima (K6\/K10)"},"content":{"rendered":"\t\t<div data-elementor-type=\"wp-page\" data-elementor-id=\"24429\" class=\"elementor elementor-24429\" data-elementor-post-type=\"page\">\n\t\t\t\t<div class=\"elementor-element elementor-element-7e352d6 e-con-full e-flex e-con e-parent\" data-id=\"7e352d6\" data-element_type=\"container\" data-settings=\"{&quot;background_background&quot;:&quot;gradient&quot;}\">\n\t\t\t\t<div class=\"elementor-element elementor-element-41bc4dc elementor-widget__width-initial elementor-widget elementor-widget-heading\" data-id=\"41bc4dc\" data-element_type=\"widget\" data-widget_type=\"heading.default\">\n\t\t\t\t\t<h2 class=\"elementor-heading-title elementor-size-default\">Ativa\u00e7\u00e3o m\u00f3dulo Irriga\u00e7\u00e3o no Controlador de Clima (K6\/K10)<\/h2>\t\t\t\t<\/div>\n\t\t\t\t<div class=\"elementor-element elementor-element-1d6b2a6 elementor-widget__width-initial elementor-widget elementor-widget-html\" data-id=\"1d6b2a6\" data-element_type=\"widget\" data-widget_type=\"html.default\">\n\t\t\t\t\t<iframe src=\"FALTA LINK\" width=\"100%\" height=\"800px\">\r\n<\/iframe>\r\n\t\t\t\t<\/div>\n\t\t\t\t<div class=\"elementor-element elementor-element-4b720a9 elementor-align-justify elementor-widget__width-initial elementor-widget elementor-widget-button\" data-id=\"4b720a9\" data-element_type=\"widget\" data-widget_type=\"button.default\">\n\t\t\t\t\t\t\t\t\t\t<a class=\"elementor-button elementor-button-link elementor-size-sm\" href=\"https:\/\/litoralregas.com\/site\/comunicacao-climatica-local\/\">\n\t\t\t\t\t\t<span class=\"elementor-button-content-wrapper\">\n\t\t\t\t\t\t<span class=\"elementor-button-icon\">\n\t\t\t\t<svg aria-hidden=\"true\" class=\"e-font-icon-svg e-fas-step-backward\" viewBox=\"0 0 448 512\" xmlns=\"http:\/\/www.w3.org\/2000\/svg\"><path d=\"M64 468V44c0-6.6 5.4-12 12-12h48c6.6 0 12 5.4 12 12v176.4l195.5-181C352.1 22.3 384 36.6 384 64v384c0 27.4-31.9 41.7-52.5 24.6L136 292.7V468c0 6.6-5.4 12-12 12H76c-6.6 0-12-5.4-12-12z\"><\/path><\/svg>\t\t\t<\/span>\n\t\t\t\t\t\t\t\t\t<span class=\"elementor-button-text\">Voltar<\/span>\n\t\t\t\t\t<\/span>\n\t\t\t\t\t<\/a>\n\t\t\t\t\t\t\t\t<\/div>\n\t\t\t\t<div class=\"elementor-element elementor-element-085b590 elementor-widget__width-initial elementor-widget elementor-widget-spacer\" data-id=\"085b590\" data-element_type=\"widget\" data-widget_type=\"spacer.default\">\n\t\t\t\t\t\t\t<div class=\"elementor-spacer\">\n\t\t\t<div class=\"elementor-spacer-inner\"><\/div>\n\t\t<\/div>\n\t\t\t\t\t\t<\/div>\n\t\t\t\t<\/div>\n\t\t\t\t<\/div>\n\t\t","protected":false},"excerpt":{"rendered":"<p>Ativa\u00e7\u00e3o m\u00f3dulo Irriga\u00e7\u00e3o no Controlador de Clima (K6\/K10) Voltar<\/p>\n","protected":false},"author":3,"featured_media":0,"parent":0,"menu_order":10,"comment_status":"closed","ping_status":"closed","template":"elementor_header_footer","meta":{"inline_featured_image":false,"footnotes":""},"class_list":["post-24429","page","type-page","status-publish","hentry"],"_links":{"self":[{"href":"https:\/\/litoralregas.com\/site\/wp-json\/wp\/v2\/pages\/24429","targetHints":{"allow":["GET"]}}],"collection":[{"href":"https:\/\/litoralregas.com\/site\/wp-json\/wp\/v2\/pages"}],"about":[{"href":"https:\/\/litoralregas.com\/site\/wp-json\/wp\/v2\/types\/page"}],"author":[{"embeddable":true,"href":"https:\/\/litoralregas.com\/site\/wp-json\/wp\/v2\/users\/3"}],"replies":[{"embeddable":true,"href":"https:\/\/litoralregas.com\/site\/wp-json\/wp\/v2\/comments?post=24429"}],"version-history":[{"count":21,"href":"https:\/\/litoralregas.com\/site\/wp-json\/wp\/v2\/pages\/24429\/revisions"}],"predecessor-version":[{"id":27231,"href":"https:\/\/litoralregas.com\/site\/wp-json\/wp\/v2\/pages\/24429\/revisions\/27231"}],"wp:attachment":[{"href":"https:\/\/litoralregas.com\/site\/wp-json\/wp\/v2\/media?parent=24429"}],"curies":[{"name":"wp","href":"https:\/\/api.w.org\/{rel}","templated":true}]}}