{"id":24704,"date":"2026-01-27T09:19:16","date_gmt":"2026-01-27T09:19:16","guid":{"rendered":"https:\/\/litoralregas.com\/site\/?page_id=24704"},"modified":"2026-03-18T09:14:09","modified_gmt":"2026-03-18T09:14:09","slug":"inclinometro-suporte-de-fixacao-informacao","status":"publish","type":"page","link":"https:\/\/litoralregas.com\/site\/inclinometro-suporte-de-fixacao-informacao\/","title":{"rendered":"Inclin\u00f3metro + Suporte de Fixa\u00e7\u00e3o &#8211; Informa\u00e7\u00e3o"},"content":{"rendered":"\t\t<div data-elementor-type=\"wp-page\" data-elementor-id=\"24704\" class=\"elementor elementor-24704\" data-elementor-post-type=\"page\">\n\t\t\t\t<div class=\"elementor-element elementor-element-67e345b e-con-full e-flex e-con e-parent\" data-id=\"67e345b\" data-element_type=\"container\" data-settings=\"{&quot;background_background&quot;:&quot;gradient&quot;}\">\n\t\t\t\t<div class=\"elementor-element elementor-element-e6a0305 elementor-widget__width-initial elementor-widget elementor-widget-heading\" data-id=\"e6a0305\" data-element_type=\"widget\" data-widget_type=\"heading.default\">\n\t\t\t\t\t<h2 class=\"elementor-heading-title elementor-size-default\">Inclin\u00f3metro + Suporte de Fixa\u00e7\u00e3o - Informa\u00e7\u00e3o<\/h2>\t\t\t\t<\/div>\n\t\t\t\t<div class=\"elementor-element elementor-element-e718ae5 elementor-widget__width-initial elementor-widget elementor-widget-html\" data-id=\"e718ae5\" data-element_type=\"widget\" data-widget_type=\"html.default\">\n\t\t\t\t\t<iframe src=\"https:\/\/litoralregas.com\/site\/wp-content\/uploads\/2026\/02\/INCLINOMETRO-1.pdf\" width=\"100%\" height=\"800px\">\r\n<\/iframe>\r\n\t\t\t\t<\/div>\n\t\t\t\t<div class=\"elementor-element elementor-element-8cd031c elementor-align-justify elementor-widget__width-initial elementor-widget elementor-widget-button\" data-id=\"8cd031c\" data-element_type=\"widget\" data-widget_type=\"button.default\">\n\t\t\t\t\t\t\t\t\t\t<a class=\"elementor-button elementor-button-link elementor-size-sm\" href=\"https:\/\/litoralregas.com\/site\/controlo-de-aberturas\/\">\n\t\t\t\t\t\t<span class=\"elementor-button-content-wrapper\">\n\t\t\t\t\t\t<span class=\"elementor-button-icon\">\n\t\t\t\t<svg aria-hidden=\"true\" class=\"e-font-icon-svg e-fas-step-backward\" viewBox=\"0 0 448 512\" xmlns=\"http:\/\/www.w3.org\/2000\/svg\"><path d=\"M64 468V44c0-6.6 5.4-12 12-12h48c6.6 0 12 5.4 12 12v176.4l195.5-181C352.1 22.3 384 36.6 384 64v384c0 27.4-31.9 41.7-52.5 24.6L136 292.7V468c0 6.6-5.4 12-12 12H76c-6.6 0-12-5.4-12-12z\"><\/path><\/svg>\t\t\t<\/span>\n\t\t\t\t\t\t\t\t\t<span class=\"elementor-button-text\">Voltar<\/span>\n\t\t\t\t\t<\/span>\n\t\t\t\t\t<\/a>\n\t\t\t\t\t\t\t\t<\/div>\n\t\t\t\t<div class=\"elementor-element elementor-element-3fe0e47 elementor-widget__width-initial elementor-widget elementor-widget-spacer\" data-id=\"3fe0e47\" data-element_type=\"widget\" data-widget_type=\"spacer.default\">\n\t\t\t\t\t\t\t<div class=\"elementor-spacer\">\n\t\t\t<div class=\"elementor-spacer-inner\"><\/div>\n\t\t<\/div>\n\t\t\t\t\t\t<\/div>\n\t\t\t\t<\/div>\n\t\t\t\t<\/div>\n\t\t","protected":false},"excerpt":{"rendered":"<p>Inclin\u00f3metro + Suporte de Fixa\u00e7\u00e3o &#8211; Informa\u00e7\u00e3o Voltar<\/p>\n","protected":false},"author":3,"featured_media":0,"parent":0,"menu_order":10,"comment_status":"closed","ping_status":"closed","template":"elementor_header_footer","meta":{"inline_featured_image":false,"footnotes":""},"class_list":["post-24704","page","type-page","status-publish","hentry"],"_links":{"self":[{"href":"https:\/\/litoralregas.com\/site\/wp-json\/wp\/v2\/pages\/24704","targetHints":{"allow":["GET"]}}],"collection":[{"href":"https:\/\/litoralregas.com\/site\/wp-json\/wp\/v2\/pages"}],"about":[{"href":"https:\/\/litoralregas.com\/site\/wp-json\/wp\/v2\/types\/page"}],"author":[{"embeddable":true,"href":"https:\/\/litoralregas.com\/site\/wp-json\/wp\/v2\/users\/3"}],"replies":[{"embeddable":true,"href":"https:\/\/litoralregas.com\/site\/wp-json\/wp\/v2\/comments?post=24704"}],"version-history":[{"count":46,"href":"https:\/\/litoralregas.com\/site\/wp-json\/wp\/v2\/pages\/24704\/revisions"}],"predecessor-version":[{"id":28353,"href":"https:\/\/litoralregas.com\/site\/wp-json\/wp\/v2\/pages\/24704\/revisions\/28353"}],"wp:attachment":[{"href":"https:\/\/litoralregas.com\/site\/wp-json\/wp\/v2\/media?parent=24704"}],"curies":[{"name":"wp","href":"https:\/\/api.w.org\/{rel}","templated":true}]}}