{"id":27429,"date":"2026-03-05T10:54:53","date_gmt":"2026-03-05T10:54:53","guid":{"rendered":"https:\/\/litoralregas.com\/site\/?page_id=27429"},"modified":"2026-03-19T15:39:31","modified_gmt":"2026-03-19T15:39:31","slug":"quadro-de-aberturas-k50-pro-dados-tecnicos","status":"publish","type":"page","link":"https:\/\/litoralregas.com\/site\/quadro-de-aberturas-k50-pro-dados-tecnicos\/","title":{"rendered":"Quadro de Aberturas K50 Pro &#8211; Dados T\u00e9cnicos"},"content":{"rendered":"<div class=\"members-access-error\">\n<p style=\"background-color:white\">N\u00e3o possui acesso a esta p\u00e1gina, se \u00e9 nosso cliente fa\u00e7a <a href=\"https:\/\/litoralregas.com\/site\/login\/\">login<\/a>.<\/p>\n<\/div>\n","protected":false},"excerpt":{"rendered":"<div class=\"members-access-error\">\n<p style=\"background-color:white\">N\u00e3o possui acesso a esta p\u00e1gina, se \u00e9 nosso cliente fa\u00e7a <a href=\"https:\/\/litoralregas.com\/site\/login\/\">login<\/a>.<\/p>\n<\/div>\n","protected":false},"author":3,"featured_media":0,"parent":0,"menu_order":10,"comment_status":"closed","ping_status":"closed","template":"","meta":{"inline_featured_image":false,"footnotes":""},"class_list":["post-27429","page","type-page","status-publish","hentry"],"_links":{"self":[{"href":"https:\/\/litoralregas.com\/site\/wp-json\/wp\/v2\/pages\/27429","targetHints":{"allow":["GET"]}}],"collection":[{"href":"https:\/\/litoralregas.com\/site\/wp-json\/wp\/v2\/pages"}],"about":[{"href":"https:\/\/litoralregas.com\/site\/wp-json\/wp\/v2\/types\/page"}],"author":[{"embeddable":true,"href":"https:\/\/litoralregas.com\/site\/wp-json\/wp\/v2\/users\/3"}],"replies":[{"embeddable":true,"href":"https:\/\/litoralregas.com\/site\/wp-json\/wp\/v2\/comments?post=27429"}],"version-history":[{"count":50,"href":"https:\/\/litoralregas.com\/site\/wp-json\/wp\/v2\/pages\/27429\/revisions"}],"predecessor-version":[{"id":28388,"href":"https:\/\/litoralregas.com\/site\/wp-json\/wp\/v2\/pages\/27429\/revisions\/28388"}],"wp:attachment":[{"href":"https:\/\/litoralregas.com\/site\/wp-json\/wp\/v2\/media?parent=27429"}],"curies":[{"name":"wp","href":"https:\/\/api.w.org\/{rel}","templated":true}]}}