{"id":27941,"date":"2026-03-17T17:29:09","date_gmt":"2026-03-17T17:29:09","guid":{"rendered":"https:\/\/litoralregas.com\/site\/?page_id=27941"},"modified":"2026-03-17T17:30:37","modified_gmt":"2026-03-17T17:30:37","slug":"kit-aspiracao-fertirrega-informacao","status":"publish","type":"page","link":"https:\/\/litoralregas.com\/site\/kit-aspiracao-fertirrega-informacao\/","title":{"rendered":"Kit Aspira\u00e7\u00e3o Fertirrega &#8211; Informa\u00e7\u00e3o"},"content":{"rendered":"\t\t<div data-elementor-type=\"wp-page\" data-elementor-id=\"27941\" class=\"elementor elementor-27941\" data-elementor-post-type=\"page\">\n\t\t\t\t<div class=\"elementor-element elementor-element-7e352d6 e-con-full e-flex e-con e-parent\" data-id=\"7e352d6\" data-element_type=\"container\" data-settings=\"{&quot;background_background&quot;:&quot;gradient&quot;}\">\n\t\t\t\t<div class=\"elementor-element elementor-element-cef58e7 elementor-widget__width-initial e-transform elementor-widget elementor-widget-heading\" data-id=\"cef58e7\" data-element_type=\"widget\" data-settings=\"{&quot;_transform_skewX_effect&quot;:{&quot;unit&quot;:&quot;px&quot;,&quot;size&quot;:0,&quot;sizes&quot;:[]},&quot;_transform_skewX_effect_tablet&quot;:{&quot;unit&quot;:&quot;deg&quot;,&quot;size&quot;:&quot;&quot;,&quot;sizes&quot;:[]},&quot;_transform_skewX_effect_mobile&quot;:{&quot;unit&quot;:&quot;deg&quot;,&quot;size&quot;:&quot;&quot;,&quot;sizes&quot;:[]},&quot;_transform_skewY_effect&quot;:{&quot;unit&quot;:&quot;px&quot;,&quot;size&quot;:&quot;&quot;,&quot;sizes&quot;:[]},&quot;_transform_skewY_effect_tablet&quot;:{&quot;unit&quot;:&quot;deg&quot;,&quot;size&quot;:&quot;&quot;,&quot;sizes&quot;:[]},&quot;_transform_skewY_effect_mobile&quot;:{&quot;unit&quot;:&quot;deg&quot;,&quot;size&quot;:&quot;&quot;,&quot;sizes&quot;:[]}}\" data-widget_type=\"heading.default\">\n\t\t\t\t\t<h2 class=\"elementor-heading-title elementor-size-default\">Kit Aspira\u00e7\u00e3o Fertirrega - Informa\u00e7\u00e3o<\/h2>\t\t\t\t<\/div>\n\t\t\t\t<div class=\"elementor-element elementor-element-5af0f88 elementor-align-justify elementor-widget__width-initial elementor-widget elementor-widget-button\" data-id=\"5af0f88\" data-element_type=\"widget\" data-widget_type=\"button.default\">\n\t\t\t\t\t\t\t\t\t\t<a class=\"elementor-button elementor-button-link elementor-size-sm\" href=\"https:\/\/litoralregas.com\/site\/equipamentos-fertirrega\/\">\n\t\t\t\t\t\t<span class=\"elementor-button-content-wrapper\">\n\t\t\t\t\t\t<span class=\"elementor-button-icon\">\n\t\t\t\t<svg aria-hidden=\"true\" class=\"e-font-icon-svg e-fas-step-backward\" viewBox=\"0 0 448 512\" xmlns=\"http:\/\/www.w3.org\/2000\/svg\"><path d=\"M64 468V44c0-6.6 5.4-12 12-12h48c6.6 0 12 5.4 12 12v176.4l195.5-181C352.1 22.3 384 36.6 384 64v384c0 27.4-31.9 41.7-52.5 24.6L136 292.7V468c0 6.6-5.4 12-12 12H76c-6.6 0-12-5.4-12-12z\"><\/path><\/svg>\t\t\t<\/span>\n\t\t\t\t\t\t\t\t\t<span class=\"elementor-button-text\">Voltar<\/span>\n\t\t\t\t\t<\/span>\n\t\t\t\t\t<\/a>\n\t\t\t\t\t\t\t\t<\/div>\n\t\t\t\t<div class=\"elementor-element elementor-element-9b8b4a9 elementor-widget__width-initial elementor-widget elementor-widget-spacer\" data-id=\"9b8b4a9\" data-element_type=\"widget\" data-widget_type=\"spacer.default\">\n\t\t\t\t\t\t\t<div class=\"elementor-spacer\">\n\t\t\t<div class=\"elementor-spacer-inner\"><\/div>\n\t\t<\/div>\n\t\t\t\t\t\t<\/div>\n\t\t\t\t<\/div>\n\t\t\t\t<\/div>\n\t\t","protected":false},"excerpt":{"rendered":"<p>Kit Aspira\u00e7\u00e3o Fertirrega &#8211; Informa\u00e7\u00e3o Voltar<\/p>\n","protected":false},"author":3,"featured_media":0,"parent":0,"menu_order":10,"comment_status":"closed","ping_status":"closed","template":"elementor_header_footer","meta":{"inline_featured_image":false,"footnotes":""},"class_list":["post-27941","page","type-page","status-publish","hentry"],"_links":{"self":[{"href":"https:\/\/litoralregas.com\/site\/wp-json\/wp\/v2\/pages\/27941","targetHints":{"allow":["GET"]}}],"collection":[{"href":"https:\/\/litoralregas.com\/site\/wp-json\/wp\/v2\/pages"}],"about":[{"href":"https:\/\/litoralregas.com\/site\/wp-json\/wp\/v2\/types\/page"}],"author":[{"embeddable":true,"href":"https:\/\/litoralregas.com\/site\/wp-json\/wp\/v2\/users\/3"}],"replies":[{"embeddable":true,"href":"https:\/\/litoralregas.com\/site\/wp-json\/wp\/v2\/comments?post=27941"}],"version-history":[{"count":4,"href":"https:\/\/litoralregas.com\/site\/wp-json\/wp\/v2\/pages\/27941\/revisions"}],"predecessor-version":[{"id":28311,"href":"https:\/\/litoralregas.com\/site\/wp-json\/wp\/v2\/pages\/27941\/revisions\/28311"}],"wp:attachment":[{"href":"https:\/\/litoralregas.com\/site\/wp-json\/wp\/v2\/media?parent=27941"}],"curies":[{"name":"wp","href":"https:\/\/api.w.org\/{rel}","templated":true}]}}