{"id":28296,"date":"2026-03-17T16:59:04","date_gmt":"2026-03-17T16:59:04","guid":{"rendered":"https:\/\/litoralregas.com\/site\/?page_id=28296"},"modified":"2026-03-17T17:00:17","modified_gmt":"2026-03-17T17:00:17","slug":"bloco-fertirrega-ev-hidrotek-dados-tecnicos","status":"publish","type":"page","link":"https:\/\/litoralregas.com\/site\/bloco-fertirrega-ev-hidrotek-dados-tecnicos\/","title":{"rendered":"Bloco Fertirrega EV Hidrotek &#8211; Dados T\u00e9cnicos"},"content":{"rendered":"<div class=\"members-access-error\">\n<p style=\"background-color:white\">N\u00e3o possui acesso a esta p\u00e1gina, se \u00e9 nosso cliente fa\u00e7a <a href=\"https:\/\/litoralregas.com\/site\/login\/\">login<\/a>.<\/p>\n<\/div>\n","protected":false},"excerpt":{"rendered":"<div class=\"members-access-error\">\n<p style=\"background-color:white\">N\u00e3o possui acesso a esta p\u00e1gina, se \u00e9 nosso cliente fa\u00e7a <a href=\"https:\/\/litoralregas.com\/site\/login\/\">login<\/a>.<\/p>\n<\/div>\n","protected":false},"author":3,"featured_media":0,"parent":0,"menu_order":10,"comment_status":"closed","ping_status":"closed","template":"elementor_header_footer","meta":{"inline_featured_image":false,"footnotes":""},"class_list":["post-28296","page","type-page","status-publish","hentry"],"_links":{"self":[{"href":"https:\/\/litoralregas.com\/site\/wp-json\/wp\/v2\/pages\/28296","targetHints":{"allow":["GET"]}}],"collection":[{"href":"https:\/\/litoralregas.com\/site\/wp-json\/wp\/v2\/pages"}],"about":[{"href":"https:\/\/litoralregas.com\/site\/wp-json\/wp\/v2\/types\/page"}],"author":[{"embeddable":true,"href":"https:\/\/litoralregas.com\/site\/wp-json\/wp\/v2\/users\/3"}],"replies":[{"embeddable":true,"href":"https:\/\/litoralregas.com\/site\/wp-json\/wp\/v2\/comments?post=28296"}],"version-history":[{"count":4,"href":"https:\/\/litoralregas.com\/site\/wp-json\/wp\/v2\/pages\/28296\/revisions"}],"predecessor-version":[{"id":28305,"href":"https:\/\/litoralregas.com\/site\/wp-json\/wp\/v2\/pages\/28296\/revisions\/28305"}],"wp:attachment":[{"href":"https:\/\/litoralregas.com\/site\/wp-json\/wp\/v2\/media?parent=28296"}],"curies":[{"name":"wp","href":"https:\/\/api.w.org\/{rel}","templated":true}]}}