{"id":28306,"date":"2026-03-17T17:30:17","date_gmt":"2026-03-17T17:30:17","guid":{"rendered":"https:\/\/litoralregas.com\/site\/?page_id=28306"},"modified":"2026-03-17T17:31:03","modified_gmt":"2026-03-17T17:31:03","slug":"kit-aspiracao-fertirrega-dados-tecnicos","status":"publish","type":"page","link":"https:\/\/litoralregas.com\/site\/kit-aspiracao-fertirrega-dados-tecnicos\/","title":{"rendered":"Kit Aspira\u00e7\u00e3o Fertirrega &#8211; Dados T\u00e9cnicos"},"content":{"rendered":"<div class=\"members-access-error\">\n<p style=\"background-color:white\">N\u00e3o possui acesso a esta p\u00e1gina, se \u00e9 nosso cliente fa\u00e7a <a href=\"https:\/\/litoralregas.com\/site\/login\/\">login<\/a>.<\/p>\n<\/div>\n","protected":false},"excerpt":{"rendered":"<div class=\"members-access-error\">\n<p style=\"background-color:white\">N\u00e3o possui acesso a esta p\u00e1gina, se \u00e9 nosso cliente fa\u00e7a <a href=\"https:\/\/litoralregas.com\/site\/login\/\">login<\/a>.<\/p>\n<\/div>\n","protected":false},"author":3,"featured_media":0,"parent":0,"menu_order":10,"comment_status":"closed","ping_status":"closed","template":"elementor_header_footer","meta":{"inline_featured_image":false,"footnotes":""},"class_list":["post-28306","page","type-page","status-publish","hentry"],"_links":{"self":[{"href":"https:\/\/litoralregas.com\/site\/wp-json\/wp\/v2\/pages\/28306","targetHints":{"allow":["GET"]}}],"collection":[{"href":"https:\/\/litoralregas.com\/site\/wp-json\/wp\/v2\/pages"}],"about":[{"href":"https:\/\/litoralregas.com\/site\/wp-json\/wp\/v2\/types\/page"}],"author":[{"embeddable":true,"href":"https:\/\/litoralregas.com\/site\/wp-json\/wp\/v2\/users\/3"}],"replies":[{"embeddable":true,"href":"https:\/\/litoralregas.com\/site\/wp-json\/wp\/v2\/comments?post=28306"}],"version-history":[{"count":4,"href":"https:\/\/litoralregas.com\/site\/wp-json\/wp\/v2\/pages\/28306\/revisions"}],"predecessor-version":[{"id":28314,"href":"https:\/\/litoralregas.com\/site\/wp-json\/wp\/v2\/pages\/28306\/revisions\/28314"}],"wp:attachment":[{"href":"https:\/\/litoralregas.com\/site\/wp-json\/wp\/v2\/media?parent=28306"}],"curies":[{"name":"wp","href":"https:\/\/api.w.org\/{rel}","templated":true}]}}