{"id":28322,"date":"2026-03-17T17:51:31","date_gmt":"2026-03-17T17:51:31","guid":{"rendered":"https:\/\/litoralregas.com\/site\/?page_id=28322"},"modified":"2026-03-17T17:52:46","modified_gmt":"2026-03-17T17:52:46","slug":"bandeja-de-drenagem-dados-tecnicos","status":"publish","type":"page","link":"https:\/\/litoralregas.com\/site\/bandeja-de-drenagem-dados-tecnicos\/","title":{"rendered":"Bandeja de Drenagem &#8211; Dados T\u00e9cnicos"},"content":{"rendered":"<div class=\"members-access-error\">N\u00e3o possui acesso a esta p\u00e1gina. Se \u00e9 nosso cliente entre em <a href=\"http:\/\/litoralregas.com\/site\/contactos\">contacto<\/a>.<\/div>\n","protected":false},"excerpt":{"rendered":"<div class=\"members-access-error\">N\u00e3o possui acesso a esta p\u00e1gina. Se \u00e9 nosso cliente entre em <a href=\"http:\/\/litoralregas.com\/site\/contactos\">contacto<\/a>.<\/div>\n","protected":false},"author":3,"featured_media":0,"parent":0,"menu_order":10,"comment_status":"closed","ping_status":"closed","template":"elementor_header_footer","meta":{"inline_featured_image":false,"footnotes":""},"class_list":["post-28322","page","type-page","status-publish","hentry"],"_links":{"self":[{"href":"https:\/\/litoralregas.com\/site\/wp-json\/wp\/v2\/pages\/28322","targetHints":{"allow":["GET"]}}],"collection":[{"href":"https:\/\/litoralregas.com\/site\/wp-json\/wp\/v2\/pages"}],"about":[{"href":"https:\/\/litoralregas.com\/site\/wp-json\/wp\/v2\/types\/page"}],"author":[{"embeddable":true,"href":"https:\/\/litoralregas.com\/site\/wp-json\/wp\/v2\/users\/3"}],"replies":[{"embeddable":true,"href":"https:\/\/litoralregas.com\/site\/wp-json\/wp\/v2\/comments?post=28322"}],"version-history":[{"count":4,"href":"https:\/\/litoralregas.com\/site\/wp-json\/wp\/v2\/pages\/28322\/revisions"}],"predecessor-version":[{"id":28330,"href":"https:\/\/litoralregas.com\/site\/wp-json\/wp\/v2\/pages\/28322\/revisions\/28330"}],"wp:attachment":[{"href":"https:\/\/litoralregas.com\/site\/wp-json\/wp\/v2\/media?parent=28322"}],"curies":[{"name":"wp","href":"https:\/\/api.w.org\/{rel}","templated":true}]}}