{"id":28334,"date":"2026-03-18T08:20:29","date_gmt":"2026-03-18T08:20:29","guid":{"rendered":"https:\/\/litoralregas.com\/site\/?page_id=28334"},"modified":"2026-03-18T08:46:53","modified_gmt":"2026-03-18T08:46:53","slug":"comutador-de-aberturas-k50-din-dados-tecnicos","status":"publish","type":"page","link":"https:\/\/litoralregas.com\/site\/comutador-de-aberturas-k50-din-dados-tecnicos\/","title":{"rendered":"Comutador de Aberturas K50 DIN &#8211; Dados T\u00e9cnicos"},"content":{"rendered":"<div class=\"members-access-error\">\n<p style=\"background-color:white\">N\u00e3o possui acesso a esta p\u00e1gina, se \u00e9 nosso cliente fa\u00e7a <a href=\"https:\/\/litoralregas.com\/site\/login\/\">login<\/a>.<\/p>\n<\/div>\n","protected":false},"excerpt":{"rendered":"<div class=\"members-access-error\">\n<p style=\"background-color:white\">N\u00e3o possui acesso a esta p\u00e1gina, se \u00e9 nosso cliente fa\u00e7a <a href=\"https:\/\/litoralregas.com\/site\/login\/\">login<\/a>.<\/p>\n<\/div>\n","protected":false},"author":3,"featured_media":0,"parent":0,"menu_order":10,"comment_status":"closed","ping_status":"closed","template":"elementor_header_footer","meta":{"inline_featured_image":false,"footnotes":""},"class_list":["post-28334","page","type-page","status-publish","hentry"],"_links":{"self":[{"href":"https:\/\/litoralregas.com\/site\/wp-json\/wp\/v2\/pages\/28334","targetHints":{"allow":["GET"]}}],"collection":[{"href":"https:\/\/litoralregas.com\/site\/wp-json\/wp\/v2\/pages"}],"about":[{"href":"https:\/\/litoralregas.com\/site\/wp-json\/wp\/v2\/types\/page"}],"author":[{"embeddable":true,"href":"https:\/\/litoralregas.com\/site\/wp-json\/wp\/v2\/users\/3"}],"replies":[{"embeddable":true,"href":"https:\/\/litoralregas.com\/site\/wp-json\/wp\/v2\/comments?post=28334"}],"version-history":[{"count":4,"href":"https:\/\/litoralregas.com\/site\/wp-json\/wp\/v2\/pages\/28334\/revisions"}],"predecessor-version":[{"id":28344,"href":"https:\/\/litoralregas.com\/site\/wp-json\/wp\/v2\/pages\/28334\/revisions\/28344"}],"wp:attachment":[{"href":"https:\/\/litoralregas.com\/site\/wp-json\/wp\/v2\/media?parent=28334"}],"curies":[{"name":"wp","href":"https:\/\/api.w.org\/{rel}","templated":true}]}}