{"id":28345,"date":"2026-03-18T09:12:26","date_gmt":"2026-03-18T09:12:26","guid":{"rendered":"https:\/\/litoralregas.com\/site\/?page_id=28345"},"modified":"2026-03-18T09:14:41","modified_gmt":"2026-03-18T09:14:41","slug":"inclinometro-suporte-de-fixacao-dados-tecnicos","status":"publish","type":"page","link":"https:\/\/litoralregas.com\/site\/inclinometro-suporte-de-fixacao-dados-tecnicos\/","title":{"rendered":"Inclin\u00f3metro + Suporte de Fixa\u00e7\u00e3o &#8211; Dados T\u00e9cnicos"},"content":{"rendered":"<div class=\"members-access-error\">\n<p style=\"background-color:white\">N\u00e3o possui acesso a esta p\u00e1gina, se \u00e9 nosso cliente fa\u00e7a <a href=\"https:\/\/litoralregas.com\/site\/login\/\">login<\/a>.<\/p>\n<\/div>\n","protected":false},"excerpt":{"rendered":"<div class=\"members-access-error\">\n<p style=\"background-color:white\">N\u00e3o possui acesso a esta p\u00e1gina, se \u00e9 nosso cliente fa\u00e7a <a href=\"https:\/\/litoralregas.com\/site\/login\/\">login<\/a>.<\/p>\n<\/div>\n","protected":false},"author":3,"featured_media":0,"parent":0,"menu_order":10,"comment_status":"closed","ping_status":"closed","template":"elementor_header_footer","meta":{"inline_featured_image":false,"footnotes":""},"class_list":["post-28345","page","type-page","status-publish","hentry"],"_links":{"self":[{"href":"https:\/\/litoralregas.com\/site\/wp-json\/wp\/v2\/pages\/28345","targetHints":{"allow":["GET"]}}],"collection":[{"href":"https:\/\/litoralregas.com\/site\/wp-json\/wp\/v2\/pages"}],"about":[{"href":"https:\/\/litoralregas.com\/site\/wp-json\/wp\/v2\/types\/page"}],"author":[{"embeddable":true,"href":"https:\/\/litoralregas.com\/site\/wp-json\/wp\/v2\/users\/3"}],"replies":[{"embeddable":true,"href":"https:\/\/litoralregas.com\/site\/wp-json\/wp\/v2\/comments?post=28345"}],"version-history":[{"count":7,"href":"https:\/\/litoralregas.com\/site\/wp-json\/wp\/v2\/pages\/28345\/revisions"}],"predecessor-version":[{"id":28356,"href":"https:\/\/litoralregas.com\/site\/wp-json\/wp\/v2\/pages\/28345\/revisions\/28356"}],"wp:attachment":[{"href":"https:\/\/litoralregas.com\/site\/wp-json\/wp\/v2\/media?parent=28345"}],"curies":[{"name":"wp","href":"https:\/\/api.w.org\/{rel}","templated":true}]}}